{"id":5547,"date":"2019-10-28T11:27:56","date_gmt":"2019-10-28T14:27:56","guid":{"rendered":"https:\/\/jaimesantos.com.br\/?post_type=product&#038;p=5547"},"modified":"2024-09-22T11:03:26","modified_gmt":"2024-09-22T14:03:26","slug":"cd-roma","status":"publish","type":"product","link":"https:\/\/jaimesantos.com.br\/en\/product\/cd-roma\/","title":{"rendered":"CD Rom\u00e3 &#8211; 2019 (UPC: 193428485686)"},"content":{"rendered":"<p>CD Rom\u00e3 lan\u00e7amento de 2019 de Jaime Santos &amp; Os Santos de Casa!<\/p>\n<div class=\"wp-block-media-text alignwide\">\n<div class=\"wp-block-media-text__content\"><\/div>\n<\/div>\n<p>&nbsp;<\/p>\n<p>The CD\u00a0<em>Pomegranate<\/em>.your\u00a0<em>opera prima<\/em>, \u00e9, assim, o resultado de anos de aprendizado. \u00c9, pois, o momento definitivo e decisivo quando o aprendiz se revela mestre para quantos tenham ouvidos para ouvir. Dizem que \u00e9 preciso viajar para contar hist\u00f3rias. Pois Jaime andou pelo Brasil, e em\u00a0<em>Pomegranate<\/em>\u00a0nos apresenta boa parte das sonoridades e tem\u00e1ticas que atravessam o pa\u00eds: do litoral ao interior, da intens\u00e3o nordestina ao sul urbano, passando pelo sudeste, a transversalidade \u00e9 sem d\u00favida a marca destacada desse trabalho.\u00a0<em>Pomegranate<\/em>\u00a0reconhece, inventaria, sublima e apresenta em sons e palavras o Brasil que amamos.<\/p>\n<p>Com harmonias elaboradas e melodias contagiantes, as m\u00fasicas seguem a trilha da melhor cepa da nossa magn\u00edfica MPB, enquanto as letras (do pr\u00f3prio Jaime ou de seus parceiros) nos enlevam e surpreendem a cada momento com a sonoridade e o sentido que as palavras tomam no contexto \u00fanico da can\u00e7\u00e3o.<\/p>\n<p>Muito se pode dizer sobre esse fluir inspirado de palavras sonoras, mas alguns versos representativos nos ser\u00e3o de momento suficientes: \u201cO movimento da rua \/ J\u00e1 se faz ver \/ E o sil\u00eancio l\u00e1 fora quer morrer\u201d (A cor do dia); \u201cFruta boa e saborosa \/ Que me olhando quer\u201d (Rom\u00e3); \u201cSe amar faz parte de mim \/ O mar \u00e9 o princ\u00edpio e o fim\u201d (Cais do porto); \u201cO cora\u00e7\u00e3o bate, para \/ Depois escuta conversa de bois \/ O boi Cala-Boca reclama do patr\u00e3o \/ O homem nunca foi mais forte do que o boi (Conversa de bois); \u201cAlinhados nossos far\u00f3is \/ Espero de ti um sinal \/ Os navios, nossos portos \/ J\u00e1 passou o temporal (Far\u00f3is); \u201cA gente tece de luz e sombra \/ Veredas de se perder\u201d (\u00d3leo sobre tela).<\/p>\n<p>Esses versos (e h\u00e1 outros de igual valor), j\u00e1 em si mesmos de grande expressividade art\u00edstica, ganham um sentido sublime quando cantados \u2013 e \u00e9 justamente esta, j\u00e1 o dissemos, a arte da can\u00e7\u00e3o.<\/p>\n<p>Poder\u00edamos seguir falando de Jaime e seu trabalho por horas, mas, como escreveu Caetano Veloso, \u201ca can\u00e7\u00e3o tem que acabar\u201d. N\u00e3o podemos, por\u00e9m, acab\u00e1-la sem mencionar um dos trechos po\u00e9ticos que julgamos de grande destaque no CD\u00a0<em>Pomegranate<\/em>:<\/p>\n<p><em>She waits for me, her unrest<\/em><\/p>\n<p><em>I don't have time<\/em><\/p>\n<p><em>Seasoning the yearning<\/em><\/p>\n<p><em>When I arrive in the middle<\/em><\/p>\n<p>(Who are you)<\/p>\n<p>Compreende-se que a espera inquieta, desassossegada por algu\u00e9m que, por raz\u00f5es n\u00e3o especificadas, n\u00e3o tem hora para voltar, essa espera ansiosa \u00e9 temperada (entenda-se: \u00e9 modelada, ajustada ou, se se quiser, \u201cafinada\u201d como se fosse um instrumento) pelo pr\u00f3prio eu-l\u00edrico, que, afinal, chega pelo meio, isto \u00e9, quando, embora o esperassem, n\u00e3o sabiam que chegava justo naquele momento.<\/p>\n<p>We were waiting for you, Jaime, and very restless. Without the right time to come and having therefore tempered our yearning, you finally arrive with CD Pomegranate\u00a0<em>Pomegranate\u00a0<\/em>and you hit us right in the middle. Right in!<\/p>\n<p>&nbsp;<\/p>\n<p style=\"text-align: left;\"><img fetchpriority=\"high\" decoding=\"async\" class=\"alignnone size-full wp-image-4692\" src=\"https:\/\/https:\/\/jaimesantos.com.br\/wp-content\/uploads\/2019\/09\/conrado.png\" alt=\"\" width=\"295\" height=\"295\" srcset=\"https:\/\/jaimesantos.com.br\/wp-content\/uploads\/2019\/09\/conrado.png 295w, https:\/\/jaimesantos.com.br\/wp-content\/uploads\/2019\/09\/conrado-250x250.png 250w\" sizes=\"(max-width: 295px) 100vw, 295px\" \/>Conrado Abreu chagas<\/p>\n<p style=\"text-align: left;\"><em>Literature teacher and musician<\/em><\/p>\n<p><em>Master in Language Studies<\/em><\/p>\n<p>&nbsp;<\/p>","protected":false},"excerpt":{"rendered":"<p>*Obs.: Aqui voc\u00ea consegue comprar o CD f\u00edsico e tamb\u00e9m comprar m\u00fasicas individualmente, fazendo o download da m\u00fasica que mais gostar<\/p>","protected":false},"featured_media":5543,"template":"","meta":[],"product_brand":[],"product_cat":[155,151,152,158,159,156,154,157],"product_tag":[169,166,161,168,171,170,164,163,165,162,167,172],"class_list":{"0":"post-5547","1":"product","2":"type-product","3":"status-publish","4":"has-post-thumbnail","6":"product_cat-album","7":"product_cat-cd","8":"product_cat-cd-virtual","9":"product_cat-comercio-virtual","10":"product_cat-design","11":"product_cat-marketing","12":"product_cat-promocional","13":"product_cat-publicidade","14":"product_tag-autoral","15":"product_tag-brasil","16":"product_tag-cd-roma","17":"product_tag-composicao","18":"product_tag-gravado-ao-vivo","19":"product_tag-independente","20":"product_tag-jaime-santos","21":"product_tag-moca-produtora","22":"product_tag-mpb","23":"product_tag-musica","24":"product_tag-musica-brasileira","25":"product_tag-world-music","27":"first","28":"instock","29":"sold-individually","30":"shipping-taxable","31":"purchasable","32":"product-type-simple"},"_links":{"self":[{"href":"https:\/\/jaimesantos.com.br\/en\/wp-json\/wp\/v2\/product\/5547","targetHints":{"allow":["GET"]}}],"collection":[{"href":"https:\/\/jaimesantos.com.br\/en\/wp-json\/wp\/v2\/product"}],"about":[{"href":"https:\/\/jaimesantos.com.br\/en\/wp-json\/wp\/v2\/types\/product"}],"wp:featuredmedia":[{"embeddable":true,"href":"https:\/\/jaimesantos.com.br\/en\/wp-json\/wp\/v2\/media\/5543"}],"wp:attachment":[{"href":"https:\/\/jaimesantos.com.br\/en\/wp-json\/wp\/v2\/media?parent=5547"}],"wp:term":[{"taxonomy":"product_brand","embeddable":true,"href":"https:\/\/jaimesantos.com.br\/en\/wp-json\/wp\/v2\/product_brand?post=5547"},{"taxonomy":"product_cat","embeddable":true,"href":"https:\/\/jaimesantos.com.br\/en\/wp-json\/wp\/v2\/product_cat?post=5547"},{"taxonomy":"product_tag","embeddable":true,"href":"https:\/\/jaimesantos.com.br\/en\/wp-json\/wp\/v2\/product_tag?post=5547"}],"curies":[{"name":"wp","href":"https:\/\/api.w.org\/{rel}","templated":true}]}}