{"id":5839,"date":"2020-01-06T16:10:37","date_gmt":"2020-01-06T18:10:37","guid":{"rendered":"https:\/\/jaimesantos.com.br\/?page_id=5839"},"modified":"2023-05-16T18:54:00","modified_gmt":"2023-05-16T21:54:00","slug":"depoimentos","status":"publish","type":"page","link":"https:\/\/jaimesantos.com.br\/en\/depoimentos\/","title":{"rendered":"Testimonial"},"content":{"rendered":"<p>&nbsp;.<\/p>\n\n\n\n<h1 class=\"has-text-align-center wp-block-heading\"><span style=\"color: #121111;\">.<\/span>GUINGA<\/h1>\n\n\n\n<p>&nbsp;<\/p>\n\n\n\n<p>&nbsp;<\/p>\n\n\n<div class=\"wp-block-image\">\n<figure class=\"aligncenter is-resized\"><img fetchpriority=\"high\" decoding=\"async\" src=\"https:\/\/jaimesantos.com.br\/wp-content\/uploads\/2019\/03\/images.jpg\" alt=\"\" class=\"wp-image-4026\" width=\"343\" height=\"341\"\/><\/figure>\n<\/div>\n\n\n<div class=\"wp-block-image\">\n<figure class=\"aligncenter is-resized\"><\/figure>\n<\/div>\n\n\n\n<p class=\"has-text-align-center\"><span style=\"color: #121111;\">.<\/span>Guitarist and songwriter Guinga<br><a href=\"https:\/\/pt.wikipedia.org\/wiki\/Guinga\">Wikip\u00e9dia<\/a><\/p>\n\n\n\n<p class=\"has-text-color has-very-dark-gray-color\"><span style=\"color: #333333;\">.<\/span><\/p>\n\n\n\n<p class=\"has-text-align-center\"><em><strong>Jaime Santos (apelido: Moca Santos) retrata a realidade da sua vida com toda a honestidade, e \u00e9 isto que um compositor deve fazer. Cada um na medida do talento que deus lhe deu. Trabalho super honesto do Jaime Santos. Assinado Guinga&#8230; (Guinga &#8211; Um dos maiores compositores e violonista brasileiro do s\u00e9culo XX).<\/strong><\/em><\/p>\n\n\n\n<p class=\"has-text-color has-very-dark-gray-color\"><span style=\"color: #333333;\">.<\/span><\/p>\n\n\n\n<div style=\"text-align: center;\">\n<div class=\"wp-block-image\"><\/div>\n<p><span style=\"color: #1a1818;\">.<\/span><\/p>\n<h1 class=\"has-text-align-center has-text-align-center has-text-align-center\" style=\"text-align: center;\">LUIZ CLAUDIO RAMOS<\/h1>\n<\/div>\n\n\n\n<p><span style=\"color: #121111;\">.<\/span><\/p>\n\n\n\n<div style=\"text-align: center;\">\n<div class=\"wp-block-image\">\n<figure class=\"aligncenter\"><img decoding=\"async\" width=\"388\" height=\"388\" class=\"wp-image-4027\" src=\"https:\/\/https:\/\/jaimesantos.com.br\/wp-content\/uploads\/2019\/03\/luiz-claudio-ramos-1.jpg\" alt=\"\" srcset=\"https:\/\/jaimesantos.com.br\/wp-content\/uploads\/2019\/03\/luiz-claudio-ramos-1.jpg 388w, https:\/\/jaimesantos.com.br\/wp-content\/uploads\/2019\/03\/luiz-claudio-ramos-1-250x250.jpg 250w\" sizes=\"(max-width: 388px) 100vw, 388px\" \/>\n<figcaption>Luiz Claudio Ramos - Guitarist Composer and arranger of Chico Buarque de Hollanda<br><a href=\"https:\/\/pt.wikipedia.org\/wiki\/Luiz_Cl%C3%A1udio_Ramos\">Wikipedia<\/a><\/figcaption>\n<\/figure>\n<\/div>\n<p><em>Gostei muito Jaime. O CD Rom\u00e3 \u00e9 um trabalho idealista em que a m\u00fasica est\u00e1 em primeiro plano. Estamos na mesma trincheira. Grande abra\u00e7o\u2026 (Luiz Cl\u00e1udio Ramos &#8211; Arranjador do Chico Buarque).<\/em><\/p>\n<\/div>\n\n\n\n<div><span style=\"color: #121111;\">.<\/span><\/div>\n\n\n\n<div><span style=\"color: #121111;\">.<\/span><\/div>\n\n\n\n<h1 class=\"has-text-align-center has-text-align-center has-text-align-center\" style=\"text-align: center;\">NILSON CHAVES<\/h1>\n<p><span style=\"color: #121111;\">.<\/span><\/p>\n\n\n<div class=\"wp-block-image\">\n<figure class=\"aligncenter is-resized\"><img decoding=\"async\" src=\"https:\/\/jaimesantos.com.br\/wp-content\/uploads\/2019\/03\/nilson-chaves-1.jpg\" alt=\"\" class=\"wp-image-4029\" width=\"333\" height=\"386\"\/><\/figure>\n<\/div>\n\n\n<div class=\"wp-block-image\">\n<figure class=\"aligncenter is-resized\"><\/figure>\n<\/div>\n\n\n\n<p class=\"has-text-align-center\"><em>M\u00fasico e compositor paraense que canta a Amaz\u00f4nia <a href=\"https:\/\/pt.wikipedia.org\/wiki\/Nilson_Chaves\">Wikipedia<\/a><\/em><\/p>\n\n\n\n<p><span style=\"color: #121111;\">.<\/span><\/p>\n\n\n\n<p><span style=\"color: #121111;\">.<\/span><\/p>\n\n\n\n<div style=\"text-align: center;\"><em>Beautiful CD Rom\u00e3 - Jaime Santos &amp; Os Santos de Casa - Pulsating, poetic and light. It was what I felt when listening to the songs on the CD Rom\u00e3 by the singer Jaime Santos. When I listen to a CD with this richness, I wash my soul and my certainty increases, that Brazilian music remains very alive and beautiful. Congratulations to Jaime's partners in this musical framework. Sullivan, Itamar, Aldo and Ewerton form a wonderful poetic partnership team in addition to Jaime himself. Intense singer with a powerful and soft voice, Jaime impresses me by the way he interprets his songs, he has the smell and flavor of Pomegranate this CD. Angry!!! (Nilson Chaves - Musician and composer from Par\u00e1, king of northern Brazilian music).<\/em><\/div>\n\n\n\n\n\n<div><span style=\"color: #121111;\">.<\/span><\/div>\n\n\n\n\n\n<div><span style=\"color: #121111;\">.<\/span><\/div>\n\n\n\n<div style=\"text-align: center;\"><\/div>\n\n\n\n<h1 class=\"has-text-align-center wp-block-heading\">RICARDO CRAVO ALBIN<\/h1>\n\n\n<div class=\"wp-block-image\">\n<figure class=\"aligncenter\"><img loading=\"lazy\" decoding=\"async\" class=\"wp-image-4113 aligncenter\" src=\"https:\/\/jaimesantos.com.br\/wp-content\/uploads\/2019\/03\/ricardo_cravo_albin-black.jpg\" alt=\"\" width=\"340\" height=\"356\"><\/figure>\n<\/div>\n<p class=\"has-text-color has-very-dark-gray-color\">\n<\/p><div class=\"wp-block-image\" style=\"text-align: center;\">\n<figure class=\"aligncenter\"><\/figure>\n<\/div>\n<p class=\"has-text-color has-very-dark-gray-color\" style=\"text-align: center;\">Advogado, jornalista, historiador, cr\u00edtico, radialista e music\u00f3logo <span style=\"letter-spacing: 0.02px;\">Ricardo Cravo Albin &#8211;<\/span><span style=\"letter-spacing: 0.02px;\"> <\/span><a style=\"letter-spacing: 0.02px;\" href=\"https:\/\/pt.wikipedia.org\/wiki\/Ricardo_Cravo_Albin\">Wikipedia<\/a><\/p>\n<p style=\"text-align: center;\"><em>Jaime Santos \u00e9 \u00f3timo. E abre carreira com este belo CD \u201cRom\u00e3\u201d, em que destaco um evento raro nos estreantes. O que costumo chamar, em quase par\u00e1frase de Chico Buarque, \u201cdisco feito com a\u00e7\u00facar e com afeto\u201d. De fato, Jaime, a par do talento como compositor e cantor, esmerou-se no acabamento do CD, com participa\u00e7\u00f5es especiais e arranjos corretos. (Ricardo Cravo Albin &#8211; Supervisor e criador do Dicion\u00e1rio Cravo Albin da MPB).<\/em><\/p>\n<div><span style=\"color: #1a1818;\">.<\/span><\/div>\n<div><\/div>\n<div style=\"text-align: center;\"><\/div>\n\n\n<h1 class=\"has-text-align-center has-text-align-center\" style=\"text-align: center;\">GILMAR EITELWEIN<\/h1>\n<p class=\"has-text-color has-very-dark-gray-color\">&nbsp;<\/p>\n\n\n\n<div class=\"wp-block-image\">\n<figure class=\"aligncenter is-resized\"><img loading=\"lazy\" decoding=\"async\" class=\"wp-image-4028\" src=\"https:\/\/https:\/\/jaimesantos.com.br\/wp-content\/uploads\/2019\/03\/gilmar-eitelwein-1.jpg\" alt=\"\" width=\"371\" height=\"365\" srcset=\"https:\/\/jaimesantos.com.br\/wp-content\/uploads\/2019\/03\/gilmar-eitelwein-1.jpg 728w, https:\/\/jaimesantos.com.br\/wp-content\/uploads\/2019\/03\/gilmar-eitelwein-1-500x492.jpg 500w\" sizes=\"(max-width: 371px) 100vw, 371px\" \/>\n<figcaption><strong>Journalist, and former music critic for the Zero Hora newspaper in Porto Alegre in Rio Grande do Sul<\/strong><\/figcaption>\n<\/figure>\n<\/div>\n\n\n<p style=\"text-align: center;\"><strong><em>Um trabalho musical de qualidade, e diversificado. Vertentes da MPB como samba, toadas e can\u00e7\u00f5es com \u00f3timos arranjos e instrumenta\u00e7\u00f5es. Parab\u00e9ns Jaime Santos e parceiros&#8230; (Gilmar Eitelwein &#8211; Jornalista e Cr\u00edtico de m\u00fasica).<\/em><\/strong><\/p>\n<p><span style=\"color: #1a1818;\">.<\/span><\/p>\n\n\n<h1 class=\"has-text-align-center wp-block-heading\">Z\u00c9 CARAD\u00cdPIA<\/h1>\n\n\n<div class=\"wp-block-image\" style=\"text-align: center;\">\n<figure class=\"aligncenter is-resized\"><img loading=\"lazy\" decoding=\"async\" class=\"wp-image-4030 aligncenter\" src=\"https:\/\/jaimesantos.com.br\/wp-content\/uploads\/2019\/03\/z\u00e9-carad\u00edpia.jpg\" alt=\"\" width=\"380\" height=\"381\" srcset=\"https:\/\/jaimesantos.com.br\/wp-content\/uploads\/2019\/03\/z\u00e9-carad\u00edpia.jpg 960w, https:\/\/jaimesantos.com.br\/wp-content\/uploads\/2019\/03\/z\u00e9-carad\u00edpia-250x250.jpg 250w, https:\/\/jaimesantos.com.br\/wp-content\/uploads\/2019\/03\/z\u00e9-carad\u00edpia-500x500.jpg 500w, https:\/\/jaimesantos.com.br\/wp-content\/uploads\/2019\/03\/z\u00e9-carad\u00edpia-768x768.jpg 768w\" sizes=\"(max-width: 380px) 100vw, 380px\" \/><\/figure>\n<p><span>Z\u00e9 Carad\u00edpia, brazilian singer and songwriter from Canoas in Rio Grande do Sul.<\/span><br><a href=\"https:\/\/pt.wikipedia.org\/wiki\/Z%C3%A9_Carad%C3%ADpia\">Wikipedia<\/a><\/p>\n<\/div>\n\n\n<p style=\"text-align: center;\"><strong><em>Pode acreditar, t\u00e1 lindo este primeiro trabalho em Disco, viste? Interessante frisar que poderias estar num d\u00e9cimo trabalho tamanha a seguran\u00e7a e a atitude serena, tranquila mesmo de quem h\u00e1 muito sabe o que quer em termos musicais, a despejar na tela serena da tua vida\/m\u00fasica as tintas mais brasileiras poss\u00edveis. O que h\u00e1 de bacana e subjacente a tudo isso que nos lega em tuas can\u00e7\u00f5es, \u00e9 a proposta universalmente estendida por ti aos participantes dessa jornada profundamente harm\u00f4nica, com estruturas mel\u00f3dicas de fino trato devidamente apreendidas e balanceadas por ti h\u00e1 muito tempo. Coisa boa \u00e9 poder fazer aquilo que sonhamos fazer um dia, e, por fim, tendo o trabalho finalmente acabado, agradecer aos deuses da m\u00fasica pela sabedoria que nos fez seres t\u00e3o sens\u00edveis ao toque m\u00e1gico que vem dos rec\u00f4nditos da alma em seus lampejos amorosamente despejados sobre n\u00f3s. Z\u00e9 Carad\u00edpia &#8211; Autor de &#8220;Asa Morena&#8221; um cl\u00e1ssico da nossa MPB gravada hist\u00f3ricamente pela interprete Zizi Possi.<\/em><\/strong><\/p>\n\n\n\n<p style=\"text-align: center;\"><strong>Coisa boa, Jaime: que belo compositor e cantor tu \u00e9s, meu querido amigo!<\/strong><\/p>\n<p class=\"has-text-color has-very-dark-gray-color\" style=\"text-align: center;\"><strong>Z\u00e9 Carad\u00edpia<\/strong><\/p>\n\n\n\n<p>&nbsp;<\/p>","protected":false},"excerpt":{"rendered":"<p>&nbsp;. .GUINGA &nbsp; &nbsp; .Violonista e compositor GuingaWikip\u00e9dia . Jaime Santos (apelido: Moca Santos) retrata a realidade da sua vida com toda a honestidade, e \u00e9 isto que um compositor deve fazer. Cada um na medida do talento que deus&#8230;<\/p>","protected":false},"author":1,"featured_media":3951,"parent":0,"menu_order":0,"comment_status":"closed","ping_status":"closed","template":"","meta":{"footnotes":""},"class_list":["post-5839","page","type-page","status-publish","has-post-thumbnail","hentry"],"_links":{"self":[{"href":"https:\/\/jaimesantos.com.br\/en\/wp-json\/wp\/v2\/pages\/5839","targetHints":{"allow":["GET"]}}],"collection":[{"href":"https:\/\/jaimesantos.com.br\/en\/wp-json\/wp\/v2\/pages"}],"about":[{"href":"https:\/\/jaimesantos.com.br\/en\/wp-json\/wp\/v2\/types\/page"}],"author":[{"embeddable":true,"href":"https:\/\/jaimesantos.com.br\/en\/wp-json\/wp\/v2\/users\/1"}],"replies":[{"embeddable":true,"href":"https:\/\/jaimesantos.com.br\/en\/wp-json\/wp\/v2\/comments?post=5839"}],"version-history":[{"count":112,"href":"https:\/\/jaimesantos.com.br\/en\/wp-json\/wp\/v2\/pages\/5839\/revisions"}],"predecessor-version":[{"id":9754,"href":"https:\/\/jaimesantos.com.br\/en\/wp-json\/wp\/v2\/pages\/5839\/revisions\/9754"}],"wp:featuredmedia":[{"embeddable":true,"href":"https:\/\/jaimesantos.com.br\/en\/wp-json\/wp\/v2\/media\/3951"}],"wp:attachment":[{"href":"https:\/\/jaimesantos.com.br\/en\/wp-json\/wp\/v2\/media?parent=5839"}],"curies":[{"name":"wp","href":"https:\/\/api.w.org\/{rel}","templated":true}]}}