{"id":5826,"date":"2020-01-06T01:51:36","date_gmt":"2020-01-06T03:51:36","guid":{"rendered":"https:\/\/jaimesantos.com.br\/?page_id=5826"},"modified":"2022-02-19T19:48:58","modified_gmt":"2022-02-19T22:48:58","slug":"os-stos-de-casa","status":"publish","type":"page","link":"https:\/\/jaimesantos.com.br\/en\/os-stos-de-casa\/","title":{"rendered":"The Saints Of House"},"content":{"rendered":"<p><\/p>\n\n\n\n<p><\/p>\n\n\n\n<p><\/p>\n\n\n\n<p class=\"has-text-color has-very-dark-gray-color\">.<\/p>\n\n\n\n<div class=\"wp-block-image\"><figure class=\"aligncenter size-full\"><img fetchpriority=\"high\" decoding=\"async\" width=\"2500\" height=\"2500\" src=\"https:\/\/jaimesantos.com.br\/wp-content\/uploads\/2020\/01\/Os-Santos-de-Casa-CD-Rom\u00e3-3.jpg\" alt=\"\" class=\"wp-image-5827\" srcset=\"https:\/\/jaimesantos.com.br\/wp-content\/uploads\/2020\/01\/Os-Santos-de-Casa-CD-Rom\u00e3-3.jpg 2500w, https:\/\/jaimesantos.com.br\/wp-content\/uploads\/2020\/01\/Os-Santos-de-Casa-CD-Rom\u00e3-3-300x300.jpg 300w, https:\/\/jaimesantos.com.br\/wp-content\/uploads\/2020\/01\/Os-Santos-de-Casa-CD-Rom\u00e3-3-100x100.jpg 100w, https:\/\/jaimesantos.com.br\/wp-content\/uploads\/2020\/01\/Os-Santos-de-Casa-CD-Rom\u00e3-3-600x600.jpg 600w, https:\/\/jaimesantos.com.br\/wp-content\/uploads\/2020\/01\/Os-Santos-de-Casa-CD-Rom\u00e3-3-250x250.jpg 250w, https:\/\/jaimesantos.com.br\/wp-content\/uploads\/2020\/01\/Os-Santos-de-Casa-CD-Rom\u00e3-3-500x500.jpg 500w, https:\/\/jaimesantos.com.br\/wp-content\/uploads\/2020\/01\/Os-Santos-de-Casa-CD-Rom\u00e3-3-768x768.jpg 768w, https:\/\/jaimesantos.com.br\/wp-content\/uploads\/2020\/01\/Os-Santos-de-Casa-CD-Rom\u00e3-3-1024x1024.jpg 1024w\" sizes=\"(max-width: 2500px) 100vw, 2500px\" \/><figcaption><a href=\"https:\/\/www.jaimesantos.biz\">The Saints Of House<\/a><\/figcaption><\/figure><\/div>\n\n\n\n<p><\/p>\n\n\n\n<p><\/p>\n\n\n\n<p class=\"has-text-color has-very-dark-gray-color\">.<\/p>\n\n\n\n<p class=\"has-drop-cap has-text-align-center\">Os Santos de Casa - Name given by friend Sulivan Lacreta Maridakis from Porto Alegre, in a poll made by facebook to name the band that will play with Jaime Santos, in and after the recordings of the songs on the CD Rom\u00e3. In the poll several names were given, among them Os Santos de Casa, and this was the most voted. We all agree because it has a lot to do with everything, with work, with the perspective of the city in relation to the works of musician and for musicians. Finally the name found!<\/p>\n\n\n\n<p class=\"has-text-align-center\"> Os Santos de Casa (The Saints Of House) is actually a base band formed by five musicians, Jaime Santos (vocals and guitar), Alessandro Franco (electric double bass), Israel Laurindo (guitars, viola and arrangements), Andr\u00e9 Coudeiro (drums and percussion) and Rodrigo Munhoz (vocal arrangements), the latter being a guest for the recording of the CD and not for the shows. Based on this, in the invitation to Rodrigo as participation, came the idea of \u200b\u200binviting more musicians and people to participate in the CD as if it were a PROJECT, and so we did. We invited seventeen more people among them: Jana Rita (production), Fernando Arruda (producer and musical director), Fidel Pi\u00f1ero (trumpet), Gilberto Oliveira (guitar), Wslley Risso (guitar), Rakelly Calliari (backing), Th\u00e2mara Batista (backing ), Felipe Dias (rapper), Jo\u00e3o Salles (accordion), Wellington Filho (cavaquinho), Lula Barbosa (singing), Lu\u00edza Braga (singing), F\u00e1bio Oliveira (piano and keyboards) and Wendel Antunes (flute). These were the musicians who participated in this project and made the CD Pomegranate together with Moca Produtora in 2019. This project was all carried out and launched in Londrina \/ PR. Recorded at Alexandre Bressan's 3 in 1 studio and mixed at Roberto Filho's Oda studio (Bet\u00e3o). <\/p>\n\n\n\n<p><\/p>\n\n\n\n<p><\/p>\n\n\n\n<p><\/p>\n\n\n\n<p class=\"has-text-color has-very-dark-gray-color\">.<\/p>\n\n\n\n<h1 class=\"has-text-align-center wp-block-heading\">Base Band<\/h1>\n\n\n\n<p><\/p>\n\n\n\n<p><\/p>\n\n\n\n<p class=\"has-text-color has-very-dark-gray-color\">.<\/p>\n\n\n\n<div class=\"wp-block-image\"><figure class=\"aligncenter size-large\"><img decoding=\"async\" width=\"1024\" height=\"612\" src=\"https:\/\/jaimesantos.com.br\/wp-content\/uploads\/2020\/01\/os-santos-de-casa-e1645310435986-1024x612.jpg\" alt=\"\" class=\"wp-image-5794\" srcset=\"https:\/\/jaimesantos.com.br\/wp-content\/uploads\/2020\/01\/os-santos-de-casa-e1645310435986-1024x612.jpg 1024w, https:\/\/jaimesantos.com.br\/wp-content\/uploads\/2020\/01\/os-santos-de-casa-e1645310435986-600x359.jpg 600w, https:\/\/jaimesantos.com.br\/wp-content\/uploads\/2020\/01\/os-santos-de-casa-e1645310435986-500x299.jpg 500w, https:\/\/jaimesantos.com.br\/wp-content\/uploads\/2020\/01\/os-santos-de-casa-e1645310435986-768x459.jpg 768w, https:\/\/jaimesantos.com.br\/wp-content\/uploads\/2020\/01\/os-santos-de-casa-e1645310435986-1536x919.jpg 1536w, https:\/\/jaimesantos.com.br\/wp-content\/uploads\/2020\/01\/os-santos-de-casa-e1645310435986-18x12.jpg 18w, https:\/\/jaimesantos.com.br\/wp-content\/uploads\/2020\/01\/os-santos-de-casa-e1645310435986.jpg 1602w\" sizes=\"(max-width: 1024px) 100vw, 1024px\" \/><figcaption>From left to right: Alessandro Franco, Andr\u00e9 Coudeiro. Israel Laurindo, Jaime Santos and Rodrigo Munhoz.<\/figcaption><\/figure><\/div>\n\n\n\n<p><\/p>\n\n\n\n<p><\/p>\n\n\n\n<p class=\"has-text-color has-very-dark-gray-color\">.<\/p>\n\n\n\n<h4 class=\"has-text-align-center wp-block-heading\">Read more about <a href=\"https:\/\/www.jaimesantos.biz\/about\">The Saints Of House<\/a><\/h4>\n\n\n\n<p><\/p>\n\n\n\n<p><\/p>\n\n\n\n<p class=\"has-text-color has-very-dark-gray-color\">.<\/p>\n\n\n\n<h2 class=\"has-text-align-center wp-block-heading\">Realization:<\/h2>\n\n\n\n<p><\/p>\n\n\n\n<p><\/p>\n\n\n\n<p class=\"has-text-color has-very-dark-gray-color\">.<\/p>\n\n\n\n<div class=\"wp-block-image\"><figure class=\"aligncenter size-full\"><img decoding=\"async\" width=\"600\" height=\"600\" src=\"https:\/\/jaimesantos.com.br\/wp-content\/uploads\/2020\/01\/capa-cd-roma.jpg\" alt=\"\" class=\"wp-image-5828\" srcset=\"https:\/\/jaimesantos.com.br\/wp-content\/uploads\/2020\/01\/capa-cd-roma.jpg 600w, https:\/\/jaimesantos.com.br\/wp-content\/uploads\/2020\/01\/capa-cd-roma-300x300.jpg 300w, https:\/\/jaimesantos.com.br\/wp-content\/uploads\/2020\/01\/capa-cd-roma-100x100.jpg 100w, https:\/\/jaimesantos.com.br\/wp-content\/uploads\/2020\/01\/capa-cd-roma-250x250.jpg 250w, https:\/\/jaimesantos.com.br\/wp-content\/uploads\/2020\/01\/capa-cd-roma-500x500.jpg 500w\" sizes=\"(max-width: 600px) 100vw, 600px\" \/><\/figure><\/div>","protected":false},"excerpt":{"rendered":"<p>. . Os Santos de Casa &#8211; Nome dado pelo amigo Sulivan Lacreta Maridakis de Porto Alegre, numa enquete feita pelo facebook para denominarmos a banda que vai tocar com Jaime Santos, nas e p\u00f3s grava\u00e7\u00f5es das m\u00fasicas do CD&#8230;<\/p>","protected":false},"author":1,"featured_media":0,"parent":0,"menu_order":0,"comment_status":"closed","ping_status":"closed","template":"","meta":{"footnotes":""},"class_list":["post-5826","page","type-page","status-publish","hentry"],"_links":{"self":[{"href":"https:\/\/jaimesantos.com.br\/en\/wp-json\/wp\/v2\/pages\/5826","targetHints":{"allow":["GET"]}}],"collection":[{"href":"https:\/\/jaimesantos.com.br\/en\/wp-json\/wp\/v2\/pages"}],"about":[{"href":"https:\/\/jaimesantos.com.br\/en\/wp-json\/wp\/v2\/types\/page"}],"author":[{"embeddable":true,"href":"https:\/\/jaimesantos.com.br\/en\/wp-json\/wp\/v2\/users\/1"}],"replies":[{"embeddable":true,"href":"https:\/\/jaimesantos.com.br\/en\/wp-json\/wp\/v2\/comments?post=5826"}],"version-history":[{"count":13,"href":"https:\/\/jaimesantos.com.br\/en\/wp-json\/wp\/v2\/pages\/5826\/revisions"}],"predecessor-version":[{"id":9675,"href":"https:\/\/jaimesantos.com.br\/en\/wp-json\/wp\/v2\/pages\/5826\/revisions\/9675"}],"wp:attachment":[{"href":"https:\/\/jaimesantos.com.br\/en\/wp-json\/wp\/v2\/media?parent=5826"}],"curies":[{"name":"wp","href":"https:\/\/api.w.org\/{rel}","templated":true}]}}