{"id":5662,"date":"2019-11-03T04:57:40","date_gmt":"2019-11-03T06:57:40","guid":{"rendered":"https:\/\/jaimesantos.com.br\/?page_id=5662"},"modified":"2021-09-28T08:46:01","modified_gmt":"2021-09-28T11:46:01","slug":"ajuda","status":"publish","type":"page","link":"https:\/\/jaimesantos.com.br\/en\/ajuda\/","title":{"rendered":"Help"},"content":{"rendered":"<p>&nbsp;<\/p>\n\n\n\n<p>&nbsp;<\/p>\n\n\n\n<p>&nbsp;<\/p>\n\n\n\n<p>.<\/p>\n\n\n\n<p>A step by step through images and texts of how you should proceed to make your purchase.<\/p>\n\n\n\n<p>Step 1 - Open the website and click on the menu on the Jaime Santos website.<\/p>\n\n\n\n<p class=\"has-text-color has-very-dark-gray-color\">.<\/p>\n\n\n\n<div class=\"wp-block-image\"><figure class=\"aligncenter\"><img fetchpriority=\"high\" decoding=\"async\" width=\"1333\" height=\"574\" src=\"https:\/\/https:\/\/jaimesantos.com.br\/wp-content\/uploads\/2020\/05\/step-01.png\" alt=\"\" class=\"wp-image-6285\" srcset=\"\" sizes=\"(max-width: 1333px) 100vw, 1333px\" data-srcset=\"\" \/><\/figure><\/div>\n\n\n\n<p>.<\/p>\n\n\n\n<p>Passo 2 &#8211; Depois de aberto o menu do site, clique em <a href=\"https:\/\/https:\/\/jaimesantos.com.br\/loja\/\">Store<\/a>!<\/p>\n\n\n\n<p>.<\/p>\n\n\n\n<figure class=\"wp-block-image\"><img decoding=\"async\" width=\"1024\" height=\"440\" src=\"https:\/\/https:\/\/jaimesantos.com.br\/wp-content\/uploads\/2020\/05\/02-step.png\" alt=\"\" class=\"wp-image-6290\" srcset=\"\" sizes=\"(max-width: 1024px) 100vw, 1024px\" data-srcset=\"\" \/><\/figure>\n\n\n\n<p class=\"has-text-color has-very-dark-gray-color\">.<\/p>\n\n\n\n<p>Step 3 - Click the button <a href=\"https:\/\/https:\/\/jaimesantos.com.br\/loja\/\">Buy Now!<\/a>!!<\/p>\n\n\n\n<p>&nbsp;<\/p>\n\n\n\n<p class=\"has-text-color has-very-dark-gray-color\">.<\/p>\n\n\n\n<figure class=\"wp-block-image\"><img decoding=\"async\" width=\"1343\" height=\"582\" src=\"https:\/\/https:\/\/jaimesantos.com.br\/wp-content\/uploads\/2020\/05\/step03.png\" alt=\"\" class=\"wp-image-6236\" srcset=\"\" sizes=\"(max-width: 1343px) 100vw, 1343px\" data-srcset=\"\" \/><\/figure>\n\n\n\n<p>&nbsp;<\/p>\n\n\n\n<p>.<\/p>\n\n\n\n<p>Step 4 - Start paying for the product on cart <a href=\"https:\/\/https:\/\/jaimesantos.com.br\/loja\/cart\">Cart<\/a>!<\/p>\n\n\n\n<p>&nbsp;<\/p>\n\n\n\n<p class=\"has-text-color has-very-dark-gray-color\">.<\/p>\n\n\n\n<figure class=\"wp-block-image\"><img loading=\"lazy\" decoding=\"async\" width=\"1024\" height=\"442\" src=\"https:\/\/https:\/\/jaimesantos.com.br\/wp-content\/uploads\/2020\/05\/Step-04.png\" alt=\"\" class=\"wp-image-6251\" srcset=\"\" sizes=\"(max-width: 1024px) 100vw, 1024px\" data-srcset=\"\" \/><\/figure>\n\n\n\n<p class=\"has-text-color has-very-dark-gray-color\">.<\/p>\n\n\n\n<p>Step 5 - Fill in the delivery data such as: address, full name and country of origin. Then click keep. <a href=\"https:\/\/https:\/\/jaimesantos.com.br\/loja\/checkout\/address\">CONTINUAR<\/a>!<\/p>\n\n\n\n<p>&nbsp;<\/p>\n\n\n\n<p class=\"has-text-color has-very-dark-gray-color\">.<\/p>\n\n\n\n<figure class=\"wp-block-image\"><img loading=\"lazy\" decoding=\"async\" width=\"1336\" height=\"574\" src=\"https:\/\/https:\/\/jaimesantos.com.br\/wp-content\/uploads\/2020\/05\/05-passo.png\" alt=\"\" class=\"wp-image-6299\" srcset=\"https:\/\/jaimesantos.com.br\/wp-content\/uploads\/2020\/05\/05-passo.png 1336w, https:\/\/jaimesantos.com.br\/wp-content\/uploads\/2020\/05\/05-passo-600x258.png 600w, https:\/\/jaimesantos.com.br\/wp-content\/uploads\/2020\/05\/05-passo-500x215.png 500w, https:\/\/jaimesantos.com.br\/wp-content\/uploads\/2020\/05\/05-passo-768x330.png 768w, https:\/\/jaimesantos.com.br\/wp-content\/uploads\/2020\/05\/05-passo-1024x440.png 1024w\" sizes=\"(max-width: 1336px) 100vw, 1336px\" \/><\/figure>\n\n\n\n<p class=\"has-text-color has-very-dark-gray-color\">.<\/p>\n\n\n\n<p>Step 6 - Delivery method, by post and free shipping <a href=\"https:\/\/https:\/\/jaimesantos.com.br\/loja\/checkout\/delivery\">frete gr\u00e1tis<\/a>!<\/p>\n\n\n\n<p>&nbsp;<\/p>\n\n\n\n<p class=\"has-text-color has-very-dark-gray-color\">.<\/p>\n\n\n\n<figure class=\"wp-block-image\"><img loading=\"lazy\" decoding=\"async\" width=\"1024\" height=\"442\" src=\"https:\/\/https:\/\/jaimesantos.com.br\/wp-content\/uploads\/2020\/05\/step-06.png\" alt=\"\" class=\"wp-image-6255\" srcset=\"\" sizes=\"(max-width: 1024px) 100vw, 1024px\" data-srcset=\"\" \/><\/figure>\n\n\n\n<p class=\"has-text-color has-very-dark-gray-color\">.<\/p>\n\n\n\n<p>Step 7 - Payment Method - Example bank deposit. <a href=\"https:\/\/https:\/\/jaimesantos.com.br\/loja\/checkout\/payment\">Bank deposit<\/a>.<\/p>\n\n\n\n<p>&nbsp;<\/p>\n\n\n\n<p>&nbsp;<\/p>\n\n\n\n<p class=\"has-text-color has-very-dark-gray-color\">.<\/p>\n\n\n\n<figure class=\"wp-block-image\"><img loading=\"lazy\" decoding=\"async\" width=\"1024\" height=\"445\" src=\"https:\/\/https:\/\/jaimesantos.com.br\/wp-content\/uploads\/2020\/05\/step-07.png\" alt=\"\" class=\"wp-image-6257\" srcset=\"\" sizes=\"(max-width: 1024px) 100vw, 1024px\" data-srcset=\"\" \/><\/figure>\n\n\n\n<p class=\"has-text-color has-very-dark-gray-color\">.<\/p>\n\n\n\n<p>Step 7.1 - After choosing the Bank Deposit as a payment method, follow the game, below and on the same page, confirm your order. <a href=\"https:\/\/https:\/\/jaimesantos.com.br\/loja\/checkout\/payment\">confirme seu pedido<\/a>.<\/p>\n\n\n\n<p>&nbsp;<\/p>\n\n\n\n<p>.<\/p>\n\n\n\n<figure class=\"wp-block-image\"><img loading=\"lazy\" decoding=\"async\" width=\"1024\" height=\"440\" src=\"https:\/\/https:\/\/jaimesantos.com.br\/wp-content\/uploads\/2020\/05\/step-7.1.png\" alt=\"\" class=\"wp-image-6287\" srcset=\"\" sizes=\"(max-width: 1024px) 100vw, 1024px\" data-srcset=\"\" \/><\/figure>\n\n\n\n<p class=\"has-text-color has-very-dark-gray-color\">.<\/p>\n\n\n\n<p>Step 8 - Order Confirmation with payment in Bank Deposit. DONE!!! <a href=\"https:\/\/https:\/\/jaimesantos.com.br\/loja\/checkout\/order-confirmation\">FEITO<\/a>!!!<\/p>\n\n\n\n<p>&nbsp;<\/p>\n\n\n\n<p>&nbsp;<\/p>\n\n\n\n<p class=\"has-text-color has-very-dark-gray-color\">.<\/p>\n\n\n\n<figure class=\"wp-block-image\"><img loading=\"lazy\" decoding=\"async\" width=\"1333\" height=\"571\" src=\"https:\/\/https:\/\/jaimesantos.com.br\/wp-content\/uploads\/2020\/05\/08-Passo.png\" alt=\"\" class=\"wp-image-6301\" srcset=\"https:\/\/jaimesantos.com.br\/wp-content\/uploads\/2020\/05\/08-Passo.png 1333w, https:\/\/jaimesantos.com.br\/wp-content\/uploads\/2020\/05\/08-Passo-600x257.png 600w, https:\/\/jaimesantos.com.br\/wp-content\/uploads\/2020\/05\/08-Passo-500x214.png 500w, https:\/\/jaimesantos.com.br\/wp-content\/uploads\/2020\/05\/08-Passo-768x329.png 768w, https:\/\/jaimesantos.com.br\/wp-content\/uploads\/2020\/05\/08-Passo-1024x439.png 1024w\" sizes=\"(max-width: 1333px) 100vw, 1333px\" \/><\/figure>\n\n\n\n<p class=\"has-text-color has-very-dark-gray-color\">.<\/p>\n\n\n\n<p>Step 8.1 - Still in the Payment confirmation, shipping method and add-on that forwards to finalize the order.<\/p>\n\n\n\n<p>&nbsp;<\/p>\n\n\n\n<p>&nbsp;<\/p>\n\n\n\n<p class=\"has-text-color has-very-dark-gray-color\">.<\/p>\n\n\n\n<figure class=\"wp-block-image\"><img loading=\"lazy\" decoding=\"async\" width=\"1024\" height=\"442\" src=\"https:\/\/https:\/\/jaimesantos.com.br\/wp-content\/uploads\/2020\/05\/step-8.1.png\" alt=\"\" class=\"wp-image-6259\" srcset=\"\" sizes=\"(max-width: 1024px) 100vw, 1024px\" data-srcset=\"\" \/><\/figure>\n\n\n\n<p class=\"has-text-color has-very-dark-gray-color\">.<\/p>\n\n\n\n<p>Step 8.2 - When you click on your PayPal you will open a box so that you can log into your account and make the PayPal payment. <a href=\"https:\/\/https:\/\/jaimesantos.com.br\/loja\/checkout\/payment\">Pagamento PayPal<\/a>.<\/p>\n\n\n\n<p>&nbsp;<\/p>\n\n\n\n<p>&nbsp;<\/p>\n\n\n\n<p class=\"has-text-color has-very-dark-gray-color\">.<\/p>\n\n\n\n<figure class=\"wp-block-image\"><img loading=\"lazy\" decoding=\"async\" width=\"1024\" height=\"445\" src=\"https:\/\/https:\/\/jaimesantos.com.br\/wp-content\/uploads\/2020\/05\/step-8.2.png\" alt=\"\" class=\"wp-image-6263\" srcset=\"\" sizes=\"(max-width: 1024px) 100vw, 1024px\" data-srcset=\"\" \/><\/figure>\n\n\n\n<p class=\"has-text-color has-very-dark-gray-color\">.<\/p>\n\n\n\n<p>Step 8.3 - PagSeguro, still in the Payment Method of the Jaime Santos Store, see how to make the payment with PagSeguro. <a href=\"https:\/\/https:\/\/jaimesantos.com.br\/loja\/checkout\/payment\">PagSeguro<\/a>!<\/p>\n\n\n\n<p>&nbsp;<\/p>\n\n\n\n<p>&nbsp;<\/p>\n\n\n\n<figure class=\"wp-block-image\"><img loading=\"lazy\" decoding=\"async\" width=\"1341\" height=\"684\" src=\"https:\/\/https:\/\/jaimesantos.com.br\/wp-content\/uploads\/2020\/05\/step-8.3.png\" alt=\"\" class=\"wp-image-5729\" srcset=\"\" sizes=\"(max-width: 1341px) 100vw, 1341px\" data-srcset=\"\" \/><\/figure>\n\n\n\n<p>&nbsp;<\/p>\n\n\n\n<p>&nbsp;<\/p>\n\n\n\n<p>.<\/p>\n\n\n\n<p>&nbsp;<\/p>\n\n\n\n<figure class=\"wp-block-image\"><img loading=\"lazy\" decoding=\"async\" width=\"1339\" height=\"683\" src=\"https:\/\/https:\/\/jaimesantos.com.br\/wp-content\/uploads\/2020\/05\/Step-8.3-continua\u00e7\u00e3o.png\" alt=\"\" class=\"wp-image-5730\" srcset=\"\" sizes=\"(max-width: 1339px) 100vw, 1339px\" data-srcset=\"\" \/><\/figure>\n\n\n\n<p>.<\/p>\n\n\n\n<p>* Observations: from Step 8 to 8.3 are all Payment Methods: Bank Deposit, PayPal and PagSeguro .. Choose the one you prefer and be happy with your purchase.<\/p>\n\n\n\n<p>*Leia com aten\u00e7\u00e3o o nosso Termo e Condi\u00e7\u00f5es e Pol\u00edtica de Privacidade, para conferir nossa idoneidade e \u00e9tica em tratar com carinho e afinco o nosso cliente. Fa\u00e7a a sua compra com seguran\u00e7a e tranquilidade de que receber\u00e1 o seu produto com a mesma dedica\u00e7\u00e3o de que tivemos para com o nosso trabalho. Obrigado pelo carinho e prefer\u00eancia, indique a outras pessoas o lindo trabalho de Jaime Santos e volte sempre atrav\u00e9s dos amigos! Muito Obrigado! <a href=\"https:\/\/jeannettesdanceschool.com\/slot-online\">Judi Slot<\/a> Online<\/p>\n\n\n\n<p>Contact us at sac@https:\/\/jaimesantos.com.br<\/p>","protected":false},"excerpt":{"rendered":"<p>Tire suas d\u00favidas com rela\u00e7\u00e3o a sua compra. Qualquer coisa enre em contato.<\/p>","protected":false},"author":1,"featured_media":5676,"parent":0,"menu_order":0,"comment_status":"closed","ping_status":"closed","template":"","meta":{"footnotes":""},"class_list":["post-5662","page","type-page","status-publish","has-post-thumbnail","hentry"],"_links":{"self":[{"href":"https:\/\/jaimesantos.com.br\/en\/wp-json\/wp\/v2\/pages\/5662","targetHints":{"allow":["GET"]}}],"collection":[{"href":"https:\/\/jaimesantos.com.br\/en\/wp-json\/wp\/v2\/pages"}],"about":[{"href":"https:\/\/jaimesantos.com.br\/en\/wp-json\/wp\/v2\/types\/page"}],"author":[{"embeddable":true,"href":"https:\/\/jaimesantos.com.br\/en\/wp-json\/wp\/v2\/users\/1"}],"replies":[{"embeddable":true,"href":"https:\/\/jaimesantos.com.br\/en\/wp-json\/wp\/v2\/comments?post=5662"}],"version-history":[{"count":22,"href":"https:\/\/jaimesantos.com.br\/en\/wp-json\/wp\/v2\/pages\/5662\/revisions"}],"predecessor-version":[{"id":6738,"href":"https:\/\/jaimesantos.com.br\/en\/wp-json\/wp\/v2\/pages\/5662\/revisions\/6738"}],"wp:featuredmedia":[{"embeddable":true,"href":"https:\/\/jaimesantos.com.br\/en\/wp-json\/wp\/v2\/media\/5676"}],"wp:attachment":[{"href":"https:\/\/jaimesantos.com.br\/en\/wp-json\/wp\/v2\/media?parent=5662"}],"curies":[{"name":"wp","href":"https:\/\/api.w.org\/{rel}","templated":true}]}}