{"id":5554,"date":"2019-10-29T02:25:37","date_gmt":"2019-10-29T05:25:37","guid":{"rendered":"https:\/\/jaimesantos.com.br\/?page_id=5554"},"modified":"2020-06-30T07:40:44","modified_gmt":"2020-06-30T10:40:44","slug":"politica-de-privacidade","status":"publish","type":"page","link":"https:\/\/jaimesantos.com.br\/en\/politica-de-privacidade\/","title":{"rendered":"Politics"},"content":{"rendered":"<p><\/p>\n\n\n\n<p><\/p>\n\n\n\n<p><\/p>\n\n\n\n<p class=\"has-text-color has-very-dark-gray-color\">.<\/p>\n\n\n\n<p style=\"color:#665430\" class=\"has-text-color has-text-align-center\"><strong>Privacy Policy<\/strong><\/p>\n\n\n\n<p><\/p>\n\n\n\n<p><\/p>\n\n\n\n<p><\/p>\n\n\n\n<p class=\"has-text-color has-very-dark-gray-color\">.<\/p>\n\n\n\n<p class=\"has-text-color has-very-dark-gray-color\">.<\/p>\n\n\n\n<p class=\"has-text-color has-very-dark-gray-color\">.<\/p>\n\n\n\n<p class=\"has-text-align-justify\">A Loja Moca baseia sua Pol\u00edtica de Privacidade nos valores institucionais de solidez e integridade. Acreditamos que para honrar esses valores \u00e9 fundamental esclarecer aos nossos clientes como suas informa\u00e7\u00f5es poder\u00e3o ser coletadas, armazenadas e utilizadas. Nossa inten\u00e7\u00e3o \u00e9 a de informar e assegurar que sua experi\u00eancia de navega\u00e7\u00e3o e neg\u00f3cios seja pr\u00e1tica, segura e eficiente. Vamos l\u00e1?<\/p>\n\n\n\n<p class=\"has-text-align-justify\">Ao acessar o site da Loja Moca voc\u00ea n\u00e3o precisa fornecer nenhuma informa\u00e7\u00e3o para visitar as p\u00e1ginas e conhecer nossa proposta e servi\u00e7os; no entanto, ao navegar s\u00e3o registradas as seguintes informa\u00e7\u00f5es:<\/p>\n\n\n\n<ul class=\"wp-block-list\"><li>- Date and time of accesses;<\/li><\/ul>\n\n\n\n<ul class=\"wp-block-list\"><li>- Pages visited;<\/li><\/ul>\n\n\n\n<ul class=\"wp-block-list\"><li>- IP address;<\/li><\/ul>\n\n\n\n<ul class=\"wp-block-list\"><li>- Action that the user tried to perform (download a document, for example) and was successful.<\/li><\/ul>\n\n\n\n<p>Podem, ainda, ser registradas as seguintes informa\u00e7\u00f5es\npessoais:<\/p>\n\n\n\n<ul class=\"wp-block-list\"><li> - Email;<\/li><\/ul>\n\n\n\n<ul class=\"wp-block-list\"><li>- Username;<\/li><\/ul>\n\n\n\n<ul class=\"wp-block-list\"><li> - User location (city, state and country);<\/li><\/ul>\n\n\n\n<ul class=\"wp-block-list\"><li>- Subject matter;<\/li><\/ul>\n\n\n\n<ul class=\"wp-block-list\"><li> - Message content.<\/li><\/ul>\n\n\n\n<p>A Loja Moca se responsabiliza a:<\/p>\n\n\n\n<p>1 - Collect and store any information provided by the\naccording to the strictest safety standards.<\/p>\n\n\n\n<p>2 - Provide secure information traffic, using\nstandard internet encryption process.<\/p>\n\n\n\n<p class=\"has-text-align-justify\">3 &#8211; Dados pessoais poder\u00e3o ser eventualmente coletados, sempre de maneira \u00e9tica e legal. A Loja Moca sempre informar\u00e1 o prop\u00f3sito para o qual os dados ser\u00e3o usados e garantir\u00e1 o correto emprego dos mesmos.<\/p>\n\n\n\n<p class=\"has-text-align-justify\">4 - Users will be notified about what their data is\nbeing collected and whether he wishes to supply them or not, and will also be informed\nabout the consequences of your decision.<\/p>\n\n\n\n<p class=\"has-text-align-left\">5 &#8211; A Loja Moca reserva-se o direito de gerar estat\u00edsticas de utiliza\u00e7\u00e3o e registros de acesso para a constante evolu\u00e7\u00e3o do sistema e aperfei\u00e7oamento do atendimento.<\/p>\n\n\n\n<p class=\"has-text-align-justify\">6 - Unless we have a legal or judicial determination, the\nUser information will never be transferred to third parties or used to\npurposes other than those for which they were collected.<\/p>\n\n\n\n<p class=\"has-text-align-justify\">7 - Access to the information collected will be restricted to\nauthorized personnel for the proper use of this data. Employees who\nviolate our Privacy Policy will be subject to the penalties provided for\nin our disciplinary process and current legislation.<\/p>\n\n\n\n<p class=\"has-text-align-justify\">8 - Any company hired to provide\noutsourced and support services, compliance with our standards of\nprivacy and information security.<\/p>\n\n\n\n<p class=\"has-text-align-justify\">9 - For the purposes of credit operations and asset management\nrisks, we may exchange information about our customers with sources\nrespectable reference bodies, regulatory bodies and clearing services.<\/p>\n\n\n\n<p class=\"has-text-align-justify\">10 - Eventually, we may use cookies to\nconfirm your identity, personalize your access and track usage of\nour website to improve your browsing experience and\nfunctionality.<\/p>\n\n\n\n<p>If you have any questions, contact our S.A.C - Customer Service at <a href=\"mailto:sac@https:\/\/jaimesantos.com.br\">sac@https:\/\/jaimesantos.com.br<\/a>We will be happy to help.<\/p>\n\n\n\n<p><\/p>\n\n\n\n<p><\/p>\n\n\n\n<p class=\"has-text-color has-very-dark-gray-color\">.<\/p>","protected":false},"excerpt":{"rendered":"<p>Sua seguran\u00e7a em m\u00e3os \u00e9ticas e confi\u00e1veis.<\/p>","protected":false},"author":1,"featured_media":5555,"parent":0,"menu_order":0,"comment_status":"closed","ping_status":"closed","template":"","meta":{"footnotes":""},"class_list":["post-5554","page","type-page","status-publish","has-post-thumbnail","hentry"],"_links":{"self":[{"href":"https:\/\/jaimesantos.com.br\/en\/wp-json\/wp\/v2\/pages\/5554","targetHints":{"allow":["GET"]}}],"collection":[{"href":"https:\/\/jaimesantos.com.br\/en\/wp-json\/wp\/v2\/pages"}],"about":[{"href":"https:\/\/jaimesantos.com.br\/en\/wp-json\/wp\/v2\/types\/page"}],"author":[{"embeddable":true,"href":"https:\/\/jaimesantos.com.br\/en\/wp-json\/wp\/v2\/users\/1"}],"replies":[{"embeddable":true,"href":"https:\/\/jaimesantos.com.br\/en\/wp-json\/wp\/v2\/comments?post=5554"}],"version-history":[{"count":13,"href":"https:\/\/jaimesantos.com.br\/en\/wp-json\/wp\/v2\/pages\/5554\/revisions"}],"predecessor-version":[{"id":6750,"href":"https:\/\/jaimesantos.com.br\/en\/wp-json\/wp\/v2\/pages\/5554\/revisions\/6750"}],"wp:featuredmedia":[{"embeddable":true,"href":"https:\/\/jaimesantos.com.br\/en\/wp-json\/wp\/v2\/media\/5555"}],"wp:attachment":[{"href":"https:\/\/jaimesantos.com.br\/en\/wp-json\/wp\/v2\/media?parent=5554"}],"curies":[{"name":"wp","href":"https:\/\/api.w.org\/{rel}","templated":true}]}}