{"id":5415,"date":"2019-10-20T07:35:14","date_gmt":"2019-10-20T10:35:14","guid":{"rendered":"https:\/\/jaimesantos.com.br\/?page_id=5415"},"modified":"2024-11-22T18:01:56","modified_gmt":"2024-11-22T21:01:56","slug":"orcamento","status":"publish","type":"page","link":"https:\/\/jaimesantos.com.br\/en\/orcamento\/","title":{"rendered":"Budget"},"content":{"rendered":"<p><\/p>\n\n\n\n<p><\/p>\n\n\n\n<p>.<\/p>\n\n\n\n<iframe\nwidth=\"100%\" src=\"https:\/\/docs.google.com\/forms\/d\/e\/1FAIpQLSeH8nUimhRww37KxIcnSpdcwcFIk4HHIpFaFOE7GFxjZMelAg\/viewform?embedded=true\" height=\"3000\" frameborder=\"0\" marginheight=\"0\" marginwidth=\"0\">Carregando\u2026<\/iframe>\n\n\n\n\n.","protected":false},"excerpt":{"rendered":"<p>Fa\u00e7a sua solicita\u00e7\u00e3o preenchendo todos os campos que ache necess\u00e1rio para a realiza\u00e7\u00e3o do seu evento.<\/p>","protected":false},"author":1,"featured_media":5355,"parent":0,"menu_order":0,"comment_status":"open","ping_status":"closed","template":"","meta":{"footnotes":""},"class_list":["post-5415","page","type-page","status-publish","has-post-thumbnail","hentry"],"_links":{"self":[{"href":"https:\/\/jaimesantos.com.br\/en\/wp-json\/wp\/v2\/pages\/5415","targetHints":{"allow":["GET"]}}],"collection":[{"href":"https:\/\/jaimesantos.com.br\/en\/wp-json\/wp\/v2\/pages"}],"about":[{"href":"https:\/\/jaimesantos.com.br\/en\/wp-json\/wp\/v2\/types\/page"}],"author":[{"embeddable":true,"href":"https:\/\/jaimesantos.com.br\/en\/wp-json\/wp\/v2\/users\/1"}],"replies":[{"embeddable":true,"href":"https:\/\/jaimesantos.com.br\/en\/wp-json\/wp\/v2\/comments?post=5415"}],"version-history":[{"count":28,"href":"https:\/\/jaimesantos.com.br\/en\/wp-json\/wp\/v2\/pages\/5415\/revisions"}],"predecessor-version":[{"id":11802,"href":"https:\/\/jaimesantos.com.br\/en\/wp-json\/wp\/v2\/pages\/5415\/revisions\/11802"}],"wp:featuredmedia":[{"embeddable":true,"href":"https:\/\/jaimesantos.com.br\/en\/wp-json\/wp\/v2\/media\/5355"}],"wp:attachment":[{"href":"https:\/\/jaimesantos.com.br\/en\/wp-json\/wp\/v2\/media?parent=5415"}],"curies":[{"name":"wp","href":"https:\/\/api.w.org\/{rel}","templated":true}]}}