{"id":5359,"date":"2019-10-18T00:04:26","date_gmt":"2019-10-18T03:04:26","guid":{"rendered":"https:\/\/jaimesantos.com.br\/?page_id=5359"},"modified":"2020-11-11T01:45:22","modified_gmt":"2020-11-11T04:45:22","slug":"editora-dubas","status":"publish","type":"page","link":"https:\/\/jaimesantos.com.br\/en\/editora-dubas\/","title":{"rendered":"Publishing company"},"content":{"rendered":"<p><\/p>\n\n\n\n<p><\/p>\n\n\n\n<p class=\"has-text-color has-very-dark-gray-color\">.<\/p>\n\n\n\n<p><\/p>\n\n\n\n<div class=\"wp-block-image\"><figure class=\"aligncenter size-large\"><img fetchpriority=\"high\" decoding=\"async\" width=\"1024\" height=\"143\" src=\"https:\/\/jaimesantos.com.br\/wp-content\/uploads\/2019\/10\/logotipo-1024x143.jpg\" alt=\"\" class=\"wp-image-5360\" srcset=\"https:\/\/jaimesantos.com.br\/wp-content\/uploads\/2019\/10\/logotipo-1024x143.jpg 1024w, https:\/\/jaimesantos.com.br\/wp-content\/uploads\/2019\/10\/logotipo-600x84.jpg 600w, https:\/\/jaimesantos.com.br\/wp-content\/uploads\/2019\/10\/logotipo-500x70.jpg 500w, https:\/\/jaimesantos.com.br\/wp-content\/uploads\/2019\/10\/logotipo-768x108.jpg 768w, https:\/\/jaimesantos.com.br\/wp-content\/uploads\/2019\/10\/logotipo-1320x185.jpg 1320w, https:\/\/jaimesantos.com.br\/wp-content\/uploads\/2019\/10\/logotipo.jpg 2000w\" sizes=\"(max-width: 1024px) 100vw, 1024px\" \/><figcaption>A Editora  Dubas tem  a importante fun\u00e7\u00e3o de prospec\u00e7\u00e3o das m\u00fasicas dos seus autores no mercado fonogr\u00e1fico.<\/figcaption><\/figure><\/div>\n\n\n\n<p><\/p>\n\n\n\n<p class=\"has-text-color has-very-dark-gray-color\">.<\/p>\n\n\n\n<p class=\"has-drop-cap\"> Alongside the work of the label, Dubas became a music publisher (<em>publisher<\/em>) responsible for the representation and administration of the copyright of countless national and international authors. This is now one of the main focuses of the company. Editora Dubas also manages the 3PONTAS Edi\u00e7\u00f5es Musicais catalog in which the complete works of the composers Ronaldo Bastos and&nbsp;<a href=\"https:\/\/pt.wikipedia.org\/wiki\/Fernando_Brant\">Fernando Brant <\/a><\/p>\n\n\n\n<p>Publisher Dubas has a very important role in the phonographic market for prospecting, receiving and distributing copyright to its authors.<\/p>\n\n\n\n<p><\/p>\n\n\n\n<p class=\"has-text-color has-very-dark-gray-color\">.<\/p>\n\n\n\n<p><\/p>\n\n\n\n<p class=\"has-text-color has-very-dark-gray-color\">.<\/p>\n\n\n\n<h1 class=\"has-text-align-center wp-block-heading\"><a href=\"https:\/\/pt.wikipedia.org\/wiki\/Dubas_M%C3%BAsica\" target=\"_blank\" rel=\"noreferrer noopener\">Wikip\u00e9dia<\/a><\/h1>\n\n\n\n<p><\/p>\n\n\n\n<p class=\"has-text-color has-very-dark-gray-color\">.<\/p>\n\n\n\n<p><\/p>\n\n\n\n<div class=\"wp-block-image\"><figure class=\"aligncenter size-large is-resized\"><img decoding=\"async\" src=\"https:\/\/jaimesantos.com.br\/wp-content\/uploads\/2019\/10\/0.png\" alt=\"\" class=\"wp-image-4932\" width=\"200\" height=\"200\"\/><\/figure><\/div>\n\n\n\n<p><\/p>\n\n\n\n<p class=\"has-text-color has-very-dark-gray-color\">.<\/p>\n\n\n\n<p><\/p>\n\n\n\n<p><\/p>\n\n\n\n<p class=\"has-text-color has-very-dark-gray-color\">.<\/p>\n\n\n\n<p class=\"has-text-align-center\">Soundsgood Playlist<\/p>\n\n\n\n<p class=\"has-text-align-center\">Link: <a href=\"https:\/\/play.soundsgood.co\/channel\/editora-dubas\">https:\/\/play.soundsgood.co\/channel\/editora-dubas<\/a><\/p>\n\n\n\n<p><\/p>\n\n\n\n<p><\/p>\n\n\n\n<p><\/p>\n\n\n\n<p class=\"has-text-color has-very-dark-gray-color\">.<\/p>\n\n\n\n<div class=\"wp-block-image\"><figure class=\"aligncenter size-full\"><img decoding=\"async\" width=\"660\" height=\"587\" src=\"https:\/\/jaimesantos.com.br\/wp-content\/uploads\/2020\/03\/Dubas-e1591176105466.png\" alt=\"\" class=\"wp-image-5921\" srcset=\"https:\/\/jaimesantos.com.br\/wp-content\/uploads\/2020\/03\/Dubas-e1591176105466.png 660w, https:\/\/jaimesantos.com.br\/wp-content\/uploads\/2020\/03\/Dubas-e1591176105466-600x534.png 600w, https:\/\/jaimesantos.com.br\/wp-content\/uploads\/2020\/03\/Dubas-e1591176105466-500x445.png 500w\" sizes=\"(max-width: 660px) 100vw, 660px\" \/><\/figure><\/div>\n\n\n\n<p><\/p>\n\n\n\n<p><\/p>\n\n\n\n<p class=\"has-text-color has-text-align-center has-very-dark-gray-color\">.<\/p>\n\n\n\n<div class=\"wp-block-image\"><figure class=\"aligncenter size-full is-resized\"><img loading=\"lazy\" decoding=\"async\" src=\"https:\/\/jaimesantos.com.br\/wp-content\/uploads\/2020\/03\/dubas-01.png\" alt=\"\" class=\"wp-image-5922\" width=\"660\" height=\"1040\" srcset=\"https:\/\/jaimesantos.com.br\/wp-content\/uploads\/2020\/03\/dubas-01.png 660w, https:\/\/jaimesantos.com.br\/wp-content\/uploads\/2020\/03\/dubas-01-600x945.png 600w, https:\/\/jaimesantos.com.br\/wp-content\/uploads\/2020\/03\/dubas-01-317x500.png 317w, https:\/\/jaimesantos.com.br\/wp-content\/uploads\/2020\/03\/dubas-01-650x1024.png 650w\" sizes=\"(max-width: 660px) 100vw, 660px\" \/><\/figure><\/div>\n\n\n\n<p><br><\/p>\n\n\n\n<p class=\"has-text-color has-very-dark-gray-color\">.<\/p>\n\n\n\n<p class=\"has-text-align-center\">Link: <a href=\"http:\/\/dubas.net\/compositores\/\">http:\/\/dubas.net\/compositores\/<\/a><\/p>\n\n\n\n<p><\/p>\n\n\n\n<p><\/p>\n\n\n\n<p class=\"has-text-color has-very-dark-gray-color\">.<\/p>\n\n\n\n<p><\/p>\n\n\n\n<p><\/p>","protected":false},"excerpt":{"rendered":"<p>Publisher Dubas has a very important role in the phonographic market for prospecting, receiving and distributing copyright to its authors.<\/p>","protected":false},"author":1,"featured_media":5362,"parent":0,"menu_order":0,"comment_status":"closed","ping_status":"closed","template":"","meta":{"footnotes":""},"class_list":["post-5359","page","type-page","status-publish","has-post-thumbnail","hentry"],"_links":{"self":[{"href":"https:\/\/jaimesantos.com.br\/en\/wp-json\/wp\/v2\/pages\/5359","targetHints":{"allow":["GET"]}}],"collection":[{"href":"https:\/\/jaimesantos.com.br\/en\/wp-json\/wp\/v2\/pages"}],"about":[{"href":"https:\/\/jaimesantos.com.br\/en\/wp-json\/wp\/v2\/types\/page"}],"author":[{"embeddable":true,"href":"https:\/\/jaimesantos.com.br\/en\/wp-json\/wp\/v2\/users\/1"}],"replies":[{"embeddable":true,"href":"https:\/\/jaimesantos.com.br\/en\/wp-json\/wp\/v2\/comments?post=5359"}],"version-history":[{"count":39,"href":"https:\/\/jaimesantos.com.br\/en\/wp-json\/wp\/v2\/pages\/5359\/revisions"}],"predecessor-version":[{"id":6862,"href":"https:\/\/jaimesantos.com.br\/en\/wp-json\/wp\/v2\/pages\/5359\/revisions\/6862"}],"wp:featuredmedia":[{"embeddable":true,"href":"https:\/\/jaimesantos.com.br\/en\/wp-json\/wp\/v2\/media\/5362"}],"wp:attachment":[{"href":"https:\/\/jaimesantos.com.br\/en\/wp-json\/wp\/v2\/media?parent=5359"}],"curies":[{"name":"wp","href":"https:\/\/api.w.org\/{rel}","templated":true}]}}