{"id":45,"date":"2019-02-27T07:42:47","date_gmt":"2019-02-27T10:42:47","guid":{"rendered":"https:\/\/lifeinsys.com\/item\/beatswavewp\/creative\/?page_id=45"},"modified":"2023-10-18T13:49:34","modified_gmt":"2023-10-18T16:49:34","slug":"musica","status":"publish","type":"page","link":"https:\/\/jaimesantos.com.br\/en\/musica\/","title":{"rendered":"Music"},"content":{"rendered":"<p class=\"has-very-dark-gray-color has-text-color\">.<\/p>\n\n\n\n<p class=\"has-very-dark-gray-color has-text-color\">.<\/p>\n\n\n\n<h1 class=\"wp-block-heading has-text-align-center\"><strong>FOLLOW US<\/strong>!<\/h1>\n\n\n\n<p class=\"has-very-dark-gray-color has-text-color\">.<\/p>\n\n\n\n<p class=\"has-very-dark-gray-color has-text-color\">.<\/p>\n\n\n\n<p class=\"has-very-dark-gray-color has-text-color\">.<\/p>\n\n\n\n<p><\/p>\n\n\n\n<h1 class=\"wp-block-heading has-text-align-center\" id=\"<h1-class=&quot;has-text-align-center&quot;&gt;iTunes<\/h1&gt;\">iTunes<\/h1>\n\n\n\n<p class=\"has-very-dark-gray-color has-text-color\">.<\/p>\n\n\n\n<div class=\"video-responsivo\" style=\"text-align:center;\"><figure><iframe src=\"https:\/\/embed.music.apple.com\/br\/\/us\/album\/rom\u00e3\/1451576116\" frameborder=\"0\" allowfullscreen=\"\" style=\"position: center; top: 0; left: 0; width: 100%; height: 500px; min-height: 100%; margin: 0 auto;\"><\/iframe><\/figure><\/div>\n\n\n\n<p>.<\/p>\n\n\n\n<h1 class=\"wp-block-heading has-text-align-center\" id=\"<h1-class=&quot;has-text-align-center&quot;&gt;YouTube<\/h1&gt;\">YouTube<\/h1>\n\n\n\n<p class=\"has-very-dark-gray-color has-text-color\">.<\/p>\n\n\n\n<div class=\"wp-block-group\"><div class=\"wp-block-group__inner-container is-layout-flow wp-block-group-is-layout-flow\">\n<div class=\"wp-block-group\"><div class=\"wp-block-group__inner-container is-layout-flow wp-block-group-is-layout-flow\">\n<div class=\"video-responsivo\" style=\"text-align:center;\"><figure><iframe width=\"100%\" height=\"450px\" src=\"https:\/\/www.youtube.com\/embed\/j4ui0cDwId4\" frameborder=\"0\" allow=\"accelerometer; autoplay; encrypted-media; gyroscope; picture-in-picture\" allowfullscreen=\"\"><\/iframe><\/figure><\/div>\n<\/div><\/div>\n<\/div><\/div>\n\n\n\n<p class=\"has-very-dark-gray-color has-text-color\">.<\/p>\n\n\n\n<h1 class=\"wp-block-heading has-text-align-center\" id=\"<h1-class=&quot;has-text-align-center&quot;&gt;Spotify<\/h1&gt;\">Spotify<\/h1>\n\n\n\n<p class=\"has-very-dark-gray-color has-text-color\">.<\/p>\n\n\n\n<div class=\"video-responsivo\" style=\"text-align:center;\"><figure class=\"wp-block-embed-spotify wp-block-embed is-type-rich is-provider-spotify wp-embed-aspect-4-3 wp-has-aspect-ratio\"><div class=\"wp-block-embed__wrapper\">\n<iframe title=\"Spotify Embed: Jaime Santos\" style=\"border-radius: 12px\" width=\"100%\" height=\"352\" frameborder=\"0\" allowfullscreen allow=\"autoplay; clipboard-write; encrypted-media; fullscreen; picture-in-picture\" loading=\"lazy\" src=\"https:\/\/open.spotify.com\/embed\/artist\/6EAXlSSyCn304SeyHhKCXl?si=tos1yKcdTZe0l2r69UwTyA&#038;utm_source=oembed\"><\/iframe>\n<\/figure><\/div>\n\n\n\n<p class=\"has-very-dark-gray-color has-text-color\">.<\/p>\n\n\n\n<p><\/p>\n\n\n<div class=\"wp-block-image\">\n<figure class=\"aligncenter size-full\"><img fetchpriority=\"high\" decoding=\"async\" width=\"1508\" height=\"1415\" src=\"https:\/\/https:\/\/jaimesantos.com.br\/wp-content\/uploads\/2019\/10\/jaime-1.jpg\" alt=\"\" class=\"wp-image-5413\" srcset=\"https:\/\/jaimesantos.com.br\/wp-content\/uploads\/2019\/10\/jaime-1.jpg 1508w, https:\/\/jaimesantos.com.br\/wp-content\/uploads\/2019\/10\/jaime-1-600x563.jpg 600w, https:\/\/jaimesantos.com.br\/wp-content\/uploads\/2019\/10\/jaime-1-500x469.jpg 500w, https:\/\/jaimesantos.com.br\/wp-content\/uploads\/2019\/10\/jaime-1-768x721.jpg 768w, https:\/\/jaimesantos.com.br\/wp-content\/uploads\/2019\/10\/jaime-1-1024x961.jpg 1024w, https:\/\/jaimesantos.com.br\/wp-content\/uploads\/2019\/10\/jaime-1-1320x1239.jpg 1320w\" sizes=\"(max-width: 1508px) 100vw, 1508px\" \/><\/figure>\n<\/div>\n\n\n<p class=\"has-very-dark-gray-color has-text-color\">.<\/p>\n\n\n\n<p>&nbsp;<\/p>\n<h1>&nbsp;<\/h1>\n<h1 style=\"text-align: center;\">Jaime Santos &amp; The Saints Of House<\/h1>\n<h1 style=\"text-align: center;\">CD Pomegranate<\/h1>\n<p>&nbsp;<\/p>\n<p>&nbsp;<\/p>\n<p>O CD Rom\u00e3 \u00e9 uma obra autoral de m\u00fasica brasileira. \u00c9 uma sele\u00e7\u00e3o das m\u00fasicas in\u00e9ditas de Jaime Santos e seus parceiros em trinta anos de trabalho gravados ao vivo. Com isto,&nbsp; a m\u00fasica brasileira neste trabalho tem muito a ver com o projeto que relata uma transversalidade que foi pensada para fazer o disco, tanto na escolha do repert\u00f3rio, quanto pela instrumenta\u00e7\u00e3o. A cria\u00e7\u00e3o dos arranjos no disco \u00e9 uma coisa a ser considerada para que se observe este di\u00e1logo m\u00fasico-po\u00e9tico com linguagens do cotidiano brasileiro e que est\u00e1 cheio de diretrizes indicando o caminho identit\u00e1rio da nossa cultura. Quando se escuta o disco, no ao vivo, seja ele em voz e viol\u00e3o (solo) ou com grupo (banda), h\u00e1 de se considerar a poesia e a leveza, caracter\u00edsticas do trabalho e da sonoridade de Jaime. Portanto ao ouvirmos o CD, h\u00e1 uma indica\u00e7\u00e3o muito clara nos arranjos de Israel Laurindo e na dire\u00e7\u00e3o musical de Fernando Arruda, que a obra vestiu o vestido &#8220;brejeiro&#8221; com aromas, principalmente de rom\u00e3, \u00e9 ecl\u00e9tico universal.<\/p>\n<blockquote>\n<p>O trabalho circula entre o Brasil urbano e o rural. Essa \u00e9 a &#8220;cara&#8221; criada para este CD, que povoa o imagin\u00e1rio universal do litoral&nbsp; e do interior do continente brasileiro. As m\u00fasicas e os arranjos d\u00e3o o toque da transversalidade que foi tirada na escolha do repert\u00f3rio, baseada na trajet\u00f3ria, na hist\u00f3ria de cada m\u00fasica, do pr\u00f3prio Jaime Santos e o CD foi criado com este caldo da cultura musical do pa\u00eds.&#8221;<\/p>\n<\/blockquote>\n<p>Diversity is the motto of the CD Rom\u00e3, because in it you have Ijex\u00e1 from Bossa Nova. There are twelve songs showing the Brazilian musical culture. Israel Laurindo's arrangements show through instrumentation a transversality between the music of the coast and the music of the interior of Brazil. It is worth checking out and feeling these minutiae and nuances and the atmosphere of each song and song, how much Brazil is part of this diverse world, and is rich musically. This CD definitely shows the wealth of the artist Jaime Santos and his partners.&nbsp;<\/p>\n<p>- Brazilian music is the raw material for this work. (Jaime Santos)<\/p>\n<p>&nbsp;<\/p>\n<p>Datasheet<\/p>\n<p>Musicians: Jaime Santos (voice and guitar), Israel Laurindo (viola, 6 and 7 string guitar and solo guitar), Alessandro Franco (electric double bass), Andr\u00e9 Coudeiro (percussion and drums), Rodrigo Munhoz (chorus), Rakelly Calliari (chorus), Th\u00e2mara Batista (chorus), Felipe Dias (rapper), Wellington Filho (cavaquinho), Wendel Antunes (flute), Gilberto Oliveira (guitars in Quem \u00c9s), Wslley Risso (guitar in the song Oil On Canvas), F\u00e1bio Oliveira (keyboard and piano) Fernando Arruda (fretless bass and bongo), Jo\u00e3o Salles (accordion), Fidel Pi\u00f1ero (trumpet). Special Participations: Lu\u00edza Braga (voice in Viola and Voo), Sullivan Maridakis (voice in Cais do Porto), Lula Barbosa (voice in Todo Tempo) Technique: Fernando Arruda (audio engineer), Alexandre Bressan (capture technician) ) at Studio 3 in 1. Mixing and Mastering in 2018 with Fernando Arruda at Studio Oda (Organic Digital Audio) Arrangements: Israel Laurindo Choir arrangements: Rodrigo Munhoz Musical Direction: Fernando Arruda, Jaime Santos and Israel Laurindo, Music Production: Israel Laurindo e Jaime Santos Rehearsal Studio: 7db Studio - Daniel Boaro (Magr\u00e3o) Digital Graphic Production: Moca Producer Executive Production: Jana Rita Organization and execution: Moca Producer. Mixed and Mastered in August 2018 Launched in Londrina \/ PR in 2019 Watercolor art by the artist plastic: Agenor Evangelista.<\/p>\n<p>* This independent work was all built and produced in Londrina \/ PR - Brazil.<\/p>\n<p>&nbsp;\n<\/p>\n<p>See too:<\/p>\n<p><a href=\"https:\/\/www.jaimesantos.biz\/\">https:\/\/www.jaimesantos.biz<\/a><\/p>\n<p><a href=\"https:\/\/www.mocaprodutora.com.br\/\">https:\/\/www.mocaprodutora.com.br\/<\/a><\/p>\n<p>&nbsp;<\/p>\n\n\n\n<p class=\"has-very-dark-gray-color has-text-color\">.<\/p>\n\n\n\n<h1 class=\"wp-block-heading has-text-align-center\">CD Insert<\/h1>\n\n\n\n<p class=\"has-very-dark-gray-color has-text-color\">.<\/p>\n\n\n\n<div class=\"video-responsivo\" style=\"text-align:center;\"><div style=\"position:relative;padding-top:max(60%,324px);width:100%;height:0;\"><iframe style=\"position:absolute;border:none;width:100%;height:100%;left:0;top:0;\" src=\"https:\/\/online.fliphtml5.com\/rteuf\/uqvl\/\"  seamless=\"seamless\" scrolling=\"no\" frameborder=\"0\" allowtransparency=\"true\" allowfullscreen=\"true\" ><\/iframe><\/div>\n\n\n\n<p><\/p>","protected":false},"excerpt":{"rendered":"<p>. . SIGA-NOS! . . . iTunes . . YouTube . . Spotify . . . &nbsp; &nbsp; Jaime Santos &amp; Os Santos de Casa CD Rom\u00e3 &nbsp; &nbsp; O CD Rom\u00e3 \u00e9 uma obra autoral de m\u00fasica brasileira. \u00c9&#8230;<\/p>","protected":false},"author":1,"featured_media":3825,"parent":0,"menu_order":0,"comment_status":"closed","ping_status":"closed","template":"","meta":{"footnotes":""},"class_list":["post-45","page","type-page","status-publish","has-post-thumbnail","hentry"],"_links":{"self":[{"href":"https:\/\/jaimesantos.com.br\/en\/wp-json\/wp\/v2\/pages\/45","targetHints":{"allow":["GET"]}}],"collection":[{"href":"https:\/\/jaimesantos.com.br\/en\/wp-json\/wp\/v2\/pages"}],"about":[{"href":"https:\/\/jaimesantos.com.br\/en\/wp-json\/wp\/v2\/types\/page"}],"author":[{"embeddable":true,"href":"https:\/\/jaimesantos.com.br\/en\/wp-json\/wp\/v2\/users\/1"}],"replies":[{"embeddable":true,"href":"https:\/\/jaimesantos.com.br\/en\/wp-json\/wp\/v2\/comments?post=45"}],"version-history":[{"count":316,"href":"https:\/\/jaimesantos.com.br\/en\/wp-json\/wp\/v2\/pages\/45\/revisions"}],"predecessor-version":[{"id":11866,"href":"https:\/\/jaimesantos.com.br\/en\/wp-json\/wp\/v2\/pages\/45\/revisions\/11866"}],"wp:featuredmedia":[{"embeddable":true,"href":"https:\/\/jaimesantos.com.br\/en\/wp-json\/wp\/v2\/media\/3825"}],"wp:attachment":[{"href":"https:\/\/jaimesantos.com.br\/en\/wp-json\/wp\/v2\/media?parent=45"}],"curies":[{"name":"wp","href":"https:\/\/api.w.org\/{rel}","templated":true}]}}