{"id":10967,"date":"2023-08-13T03:06:42","date_gmt":"2023-08-13T06:06:42","guid":{"rendered":"https:\/\/jaimesantos.com.br\/?page_id=10967"},"modified":"2023-08-13T04:12:10","modified_gmt":"2023-08-13T07:12:10","slug":"formatos","status":"publish","type":"page","link":"https:\/\/jaimesantos.com.br\/en\/formatos\/","title":{"rendered":"Formatos"},"content":{"rendered":"<div data-elementor-type=\"wp-page\" data-elementor-id=\"10967\" class=\"elementor elementor-10967\" data-elementor-post-type=\"page\">\n\t\t\t\t\t\t<section class=\"elementor-section elementor-top-section elementor-element elementor-element-5e2ad47 elementor-section-boxed elementor-section-height-default elementor-section-height-default\" data-id=\"5e2ad47\" data-element_type=\"section\" data-e-type=\"section\">\n\t\t\t\t\t\t<div class=\"elementor-container elementor-column-gap-default\">\n\t\t\t\t\t<div class=\"elementor-column elementor-col-100 elementor-top-column elementor-element elementor-element-180d9be\" data-id=\"180d9be\" data-element_type=\"column\" data-e-type=\"column\">\n\t\t\t<div class=\"elementor-widget-wrap elementor-element-populated\">\n\t\t\t\t\t\t<div class=\"elementor-element elementor-element-33db22b elementor-widget elementor-widget-heading\" data-id=\"33db22b\" data-element_type=\"widget\" data-e-type=\"widget\" data-widget_type=\"heading.default\">\n\t\t\t\t<div class=\"elementor-widget-container\">\n\t\t\t\t\t<h2 class=\"elementor-heading-title elementor-size-default\">SOLO<\/h2>\t\t\t\t<\/div>\n\t\t\t\t<\/div>\n\t\t\t\t\t<\/div>\n\t\t<\/div>\n\t\t\t\t\t<\/div>\n\t\t<\/section>\n\t\t\t\t<section class=\"elementor-section elementor-top-section elementor-element elementor-element-f3082b6 elementor-section-boxed elementor-section-height-default elementor-section-height-default\" data-id=\"f3082b6\" data-element_type=\"section\" data-e-type=\"section\">\n\t\t\t\t\t\t<div class=\"elementor-container elementor-column-gap-default\">\n\t\t\t\t\t<div class=\"elementor-column elementor-col-100 elementor-top-column elementor-element elementor-element-67ca694\" data-id=\"67ca694\" data-element_type=\"column\" data-e-type=\"column\">\n\t\t\t<div class=\"elementor-widget-wrap elementor-element-populated\">\n\t\t\t\t\t\t<div class=\"elementor-element elementor-element-7928b32 elementor-widget elementor-widget-text-editor\" data-id=\"7928b32\" data-element_type=\"widget\" data-e-type=\"widget\" data-widget_type=\"text-editor.default\">\n\t\t\t\t<div class=\"elementor-widget-container\">\n\t\t\t\t\t\t\t\t\t<p>Jaime, \u00e9 um cantautor que interpreta can\u00e7\u00f5es com voz e viol\u00e3o, da MPB ao Rock Rural de Caetano Veloso a A Z\u00e9 Ramalho, dos Blues do Djavan ao Jazz sofisticado de Moacir Santos, dos Cl\u00e1ssicos do Chico Buarque aos Lamentos de Milton Nascimento, do Nordeste de Geraldo Azevedo, Alceu Valen\u00e7a, Z\u00e9 Ramalho ao sertanejo raiz de Almir Sater, do Smooth Jazz de Ivan Lins a Bossa Nova de Tom Jobim. Da Bossa carioca ao Clube da Esquina de Minas Gerais e por vai!<\/p>\t\t\t\t\t\t\t\t<\/div>\n\t\t\t\t<\/div>\n\t\t\t\t\t<\/div>\n\t\t<\/div>\n\t\t\t\t\t<\/div>\n\t\t<\/section>\n\t\t\t\t<section class=\"elementor-section elementor-top-section elementor-element elementor-element-dbeff3f elementor-section-boxed elementor-section-height-default elementor-section-height-default\" data-id=\"dbeff3f\" data-element_type=\"section\" data-e-type=\"section\">\n\t\t\t\t\t\t<div class=\"elementor-container elementor-column-gap-default\">\n\t\t\t\t\t<div class=\"elementor-column elementor-col-100 elementor-top-column elementor-element elementor-element-53fdcee\" data-id=\"53fdcee\" data-element_type=\"column\" data-e-type=\"column\">\n\t\t\t<div class=\"elementor-widget-wrap elementor-element-populated\">\n\t\t\t\t\t\t<div class=\"elementor-element elementor-element-d2ce7bb elementor-widget elementor-widget-spacer\" data-id=\"d2ce7bb\" data-element_type=\"widget\" data-e-type=\"widget\" data-widget_type=\"spacer.default\">\n\t\t\t\t<div class=\"elementor-widget-container\">\n\t\t\t\t\t\t\t<div class=\"elementor-spacer\">\n\t\t\t<div class=\"elementor-spacer-inner\"><\/div>\n\t\t<\/div>\n\t\t\t\t\t\t<\/div>\n\t\t\t\t<\/div>\n\t\t\t\t\t<\/div>\n\t\t<\/div>\n\t\t\t\t\t<\/div>\n\t\t<\/section>\n\t\t\t\t<section class=\"elementor-section elementor-top-section elementor-element elementor-element-a63fcc6 elementor-section-boxed elementor-section-height-default elementor-section-height-default\" data-id=\"a63fcc6\" data-element_type=\"section\" data-e-type=\"section\">\n\t\t\t\t\t\t<div class=\"elementor-container elementor-column-gap-default\">\n\t\t\t\t\t<div class=\"elementor-column elementor-col-100 elementor-top-column elementor-element elementor-element-b58d73b\" data-id=\"b58d73b\" data-element_type=\"column\" data-e-type=\"column\">\n\t\t\t<div class=\"elementor-widget-wrap elementor-element-populated\">\n\t\t\t\t\t\t<div class=\"elementor-element elementor-element-aac8a71 elementor-widget elementor-widget-image\" data-id=\"aac8a71\" data-element_type=\"widget\" data-e-type=\"widget\" data-widget_type=\"image.default\">\n\t\t\t\t<div class=\"elementor-widget-container\">\n\t\t\t\t\t\t\t\t\t\t\t\t\t\t\t<img fetchpriority=\"high\" decoding=\"async\" width=\"900\" height=\"439\" src=\"https:\/\/jaimesantos.com.br\/wp-content\/uploads\/2023\/01\/@arunamcruz-10-scaled-e1689391724958-1024x499.jpg\" class=\"attachment-large size-large wp-image-10003\" alt=\"\" srcset=\"https:\/\/jaimesantos.com.br\/wp-content\/uploads\/2023\/01\/@arunamcruz-10-scaled-e1689391724958-1024x499.jpg 1024w, https:\/\/jaimesantos.com.br\/wp-content\/uploads\/2023\/01\/@arunamcruz-10-scaled-e1689391724958-500x244.jpg 500w, https:\/\/jaimesantos.com.br\/wp-content\/uploads\/2023\/01\/@arunamcruz-10-scaled-e1689391724958-768x374.jpg 768w, https:\/\/jaimesantos.com.br\/wp-content\/uploads\/2023\/01\/@arunamcruz-10-scaled-e1689391724958-1536x749.jpg 1536w, https:\/\/jaimesantos.com.br\/wp-content\/uploads\/2023\/01\/@arunamcruz-10-scaled-e1689391724958-18x9.jpg 18w, https:\/\/jaimesantos.com.br\/wp-content\/uploads\/2023\/01\/@arunamcruz-10-scaled-e1689391724958-600x292.jpg 600w, https:\/\/jaimesantos.com.br\/wp-content\/uploads\/2023\/01\/@arunamcruz-10-scaled-e1689391724958.jpg 1707w\" sizes=\"(max-width: 900px) 100vw, 900px\" \/>\t\t\t\t\t\t\t\t\t\t\t\t\t\t\t<\/div>\n\t\t\t\t<\/div>\n\t\t\t\t\t<\/div>\n\t\t<\/div>\n\t\t\t\t\t<\/div>\n\t\t<\/section>\n\t\t\t\t<section class=\"elementor-section elementor-top-section elementor-element elementor-element-e317c5d elementor-section-boxed elementor-section-height-default elementor-section-height-default\" data-id=\"e317c5d\" data-element_type=\"section\" data-e-type=\"section\">\n\t\t\t\t\t\t<div class=\"elementor-container elementor-column-gap-default\">\n\t\t\t\t\t<div class=\"elementor-column elementor-col-100 elementor-top-column elementor-element elementor-element-170f12a\" data-id=\"170f12a\" data-element_type=\"column\" data-e-type=\"column\">\n\t\t\t<div class=\"elementor-widget-wrap elementor-element-populated\">\n\t\t\t\t\t\t<div class=\"elementor-element elementor-element-d18488e elementor-widget elementor-widget-spacer\" data-id=\"d18488e\" data-element_type=\"widget\" data-e-type=\"widget\" data-widget_type=\"spacer.default\">\n\t\t\t\t<div class=\"elementor-widget-container\">\n\t\t\t\t\t\t\t<div class=\"elementor-spacer\">\n\t\t\t<div class=\"elementor-spacer-inner\"><\/div>\n\t\t<\/div>\n\t\t\t\t\t\t<\/div>\n\t\t\t\t<\/div>\n\t\t\t\t\t<\/div>\n\t\t<\/div>\n\t\t\t\t\t<\/div>\n\t\t<\/section>\n\t\t\t\t<section class=\"elementor-section elementor-top-section elementor-element elementor-element-d6568da elementor-section-boxed elementor-section-height-default elementor-section-height-default\" data-id=\"d6568da\" data-element_type=\"section\" data-e-type=\"section\">\n\t\t\t\t\t\t<div class=\"elementor-container elementor-column-gap-default\">\n\t\t\t\t\t<div class=\"elementor-column elementor-col-100 elementor-top-column elementor-element elementor-element-82d1770\" data-id=\"82d1770\" data-element_type=\"column\" data-e-type=\"column\">\n\t\t\t<div class=\"elementor-widget-wrap elementor-element-populated\">\n\t\t\t\t\t\t<div class=\"elementor-element elementor-element-af9bbb0 elementor-widget elementor-widget-heading\" data-id=\"af9bbb0\" data-element_type=\"widget\" data-e-type=\"widget\" data-widget_type=\"heading.default\">\n\t\t\t\t<div class=\"elementor-widget-container\">\n\t\t\t\t\t<h2 class=\"elementor-heading-title elementor-size-default\">Trio<\/h2>\t\t\t\t<\/div>\n\t\t\t\t<\/div>\n\t\t\t\t\t<\/div>\n\t\t<\/div>\n\t\t\t\t\t<\/div>\n\t\t<\/section>\n\t\t\t\t<section class=\"elementor-section elementor-top-section elementor-element elementor-element-f1b433e elementor-section-boxed elementor-section-height-default elementor-section-height-default\" data-id=\"f1b433e\" data-element_type=\"section\" data-e-type=\"section\">\n\t\t\t\t\t\t<div class=\"elementor-container elementor-column-gap-default\">\n\t\t\t\t\t<div class=\"elementor-column elementor-col-100 elementor-top-column elementor-element elementor-element-0861c0a\" data-id=\"0861c0a\" data-element_type=\"column\" data-e-type=\"column\">\n\t\t\t<div class=\"elementor-widget-wrap elementor-element-populated\">\n\t\t\t\t\t\t<div class=\"elementor-element elementor-element-2fe8e99 elementor-widget elementor-widget-spacer\" data-id=\"2fe8e99\" data-element_type=\"widget\" data-e-type=\"widget\" data-widget_type=\"spacer.default\">\n\t\t\t\t<div class=\"elementor-widget-container\">\n\t\t\t\t\t\t\t<div class=\"elementor-spacer\">\n\t\t\t<div class=\"elementor-spacer-inner\"><\/div>\n\t\t<\/div>\n\t\t\t\t\t\t<\/div>\n\t\t\t\t<\/div>\n\t\t\t\t\t<\/div>\n\t\t<\/div>\n\t\t\t\t\t<\/div>\n\t\t<\/section>\n\t\t\t\t<section class=\"elementor-section elementor-top-section elementor-element elementor-element-345611e elementor-section-boxed elementor-section-height-default elementor-section-height-default\" data-id=\"345611e\" data-element_type=\"section\" data-e-type=\"section\">\n\t\t\t\t\t\t<div class=\"elementor-container elementor-column-gap-default\">\n\t\t\t\t\t<div class=\"elementor-column elementor-col-100 elementor-top-column elementor-element elementor-element-cf069fa\" data-id=\"cf069fa\" data-element_type=\"column\" data-e-type=\"column\">\n\t\t\t<div class=\"elementor-widget-wrap elementor-element-populated\">\n\t\t\t\t\t\t<div class=\"elementor-element elementor-element-d0dbdbd elementor-widget elementor-widget-text-editor\" data-id=\"d0dbdbd\" data-element_type=\"widget\" data-e-type=\"widget\" data-widget_type=\"text-editor.default\">\n\t\t\t\t<div class=\"elementor-widget-container\">\n\t\t\t\t\t\t\t\t\t<p>Orin, \u00e9 palavra Yorub\u00e1 origin\u00e1ria daqueles povos da \u00c1frica que muito influenciaram a m\u00fasica popular brasileira e que<br \/>s i g n i fi c a c a n \u00e7 \u00e3 o , c a n t i g a , m \u00fa s i c a c a n t a d a ! O Trio Orin \u00e9 um grupo musical formado por Jaime Santos,<br \/>Gilberto Oliveira e Luiz Jakka, m\u00fasicos do RS com grandes experi\u00eancias e viv\u00eancias cosmopolitas.<br \/>Dessa mistura de culturas musicais resulta um trabalho de cria\u00e7\u00e3o e performance multifacetado que d\u00e1 ao grupo um<br \/>\u00absotaque\u00bb musical original e bastante interessante.Essa forma\u00e7\u00e3o \u00edmpar permite que se misturem influ\u00eancias que v\u00e3o de Djavan a Moacir Santos, de Luiz Melodia a Caetano Veloso, dando margem a elabora\u00e7\u00e3o de arranjos pr\u00f3prios originais e criativos, tanto de can\u00e7\u00f5es pr\u00f3prias q u a n t o\u00a0 d e\u00a0 c a n t a u t o r e s , c o n h e c i d o s\u00a0 o u\u00a0 n \u00e3 o .<br \/>As performances do grupo tem, al\u00e9m de vozes\/viol\u00f5es\/guitarras e percuteria, a inclus\u00e3o de equipamentos eletr\u00f4nicos digitais como Loopers, WaveDrum, etc, que permitem uma gama bastante variada e diferenciada de sonoridades e ritmos.<\/p><p>Assista nossas performances no canal \u00abTrio ORIN\u00bb do<br \/>https:\/\/www.youtube.com\/@TrioORIN-rw3nr<\/p>\t\t\t\t\t\t\t\t<\/div>\n\t\t\t\t<\/div>\n\t\t\t\t\t<\/div>\n\t\t<\/div>\n\t\t\t\t\t<\/div>\n\t\t<\/section>\n\t\t\t\t<section class=\"elementor-section elementor-top-section elementor-element elementor-element-eb10f1e elementor-section-boxed elementor-section-height-default elementor-section-height-default\" data-id=\"eb10f1e\" data-element_type=\"section\" data-e-type=\"section\">\n\t\t\t\t\t\t<div class=\"elementor-container elementor-column-gap-default\">\n\t\t\t\t\t<div class=\"elementor-column elementor-col-100 elementor-top-column elementor-element elementor-element-04f8cef\" data-id=\"04f8cef\" data-element_type=\"column\" data-e-type=\"column\">\n\t\t\t<div class=\"elementor-widget-wrap elementor-element-populated\">\n\t\t\t\t\t\t<div class=\"elementor-element elementor-element-b7fbf10 elementor-widget elementor-widget-image\" data-id=\"b7fbf10\" data-element_type=\"widget\" data-e-type=\"widget\" data-widget_type=\"image.default\">\n\t\t\t\t<div class=\"elementor-widget-container\">\n\t\t\t\t\t\t\t\t\t\t\t\t\t\t\t<img decoding=\"async\" width=\"900\" height=\"300\" src=\"https:\/\/jaimesantos.com.br\/wp-content\/uploads\/2023\/08\/trio-orin-1024x341.png\" class=\"attachment-large size-large wp-image-10969\" alt=\"\" srcset=\"https:\/\/jaimesantos.com.br\/wp-content\/uploads\/2023\/08\/trio-orin-1024x341.png 1024w, https:\/\/jaimesantos.com.br\/wp-content\/uploads\/2023\/08\/trio-orin-500x167.png 500w, https:\/\/jaimesantos.com.br\/wp-content\/uploads\/2023\/08\/trio-orin-768x256.png 768w, https:\/\/jaimesantos.com.br\/wp-content\/uploads\/2023\/08\/trio-orin-18x6.png 18w, https:\/\/jaimesantos.com.br\/wp-content\/uploads\/2023\/08\/trio-orin-600x200.png 600w, https:\/\/jaimesantos.com.br\/wp-content\/uploads\/2023\/08\/trio-orin.png 1500w\" sizes=\"(max-width: 900px) 100vw, 900px\" \/>\t\t\t\t\t\t\t\t\t\t\t\t\t\t\t<\/div>\n\t\t\t\t<\/div>\n\t\t\t\t\t<\/div>\n\t\t<\/div>\n\t\t\t\t\t<\/div>\n\t\t<\/section>\n\t\t\t\t<\/div>","protected":false},"excerpt":{"rendered":"<p>SOLO Jaime, \u00e9 um cantautor que interpreta can\u00e7\u00f5es com voz e viol\u00e3o, da MPB ao Rock Rural de Caetano Veloso a A Z\u00e9 Ramalho, dos Blues do Djavan ao Jazz sofisticado de Moacir Santos, dos Cl\u00e1ssicos do Chico Buarque aos&#8230;<\/p>","protected":false},"author":1,"featured_media":0,"parent":0,"menu_order":0,"comment_status":"closed","ping_status":"closed","template":"","meta":{"footnotes":""},"class_list":["post-10967","page","type-page","status-publish","hentry"],"_links":{"self":[{"href":"https:\/\/jaimesantos.com.br\/en\/wp-json\/wp\/v2\/pages\/10967","targetHints":{"allow":["GET"]}}],"collection":[{"href":"https:\/\/jaimesantos.com.br\/en\/wp-json\/wp\/v2\/pages"}],"about":[{"href":"https:\/\/jaimesantos.com.br\/en\/wp-json\/wp\/v2\/types\/page"}],"author":[{"embeddable":true,"href":"https:\/\/jaimesantos.com.br\/en\/wp-json\/wp\/v2\/users\/1"}],"replies":[{"embeddable":true,"href":"https:\/\/jaimesantos.com.br\/en\/wp-json\/wp\/v2\/comments?post=10967"}],"version-history":[{"count":9,"href":"https:\/\/jaimesantos.com.br\/en\/wp-json\/wp\/v2\/pages\/10967\/revisions"}],"predecessor-version":[{"id":10982,"href":"https:\/\/jaimesantos.com.br\/en\/wp-json\/wp\/v2\/pages\/10967\/revisions\/10982"}],"wp:attachment":[{"href":"https:\/\/jaimesantos.com.br\/en\/wp-json\/wp\/v2\/media?parent=10967"}],"curies":[{"name":"wp","href":"https:\/\/api.w.org\/{rel}","templated":true}]}}