{"id":10511,"date":"2023-07-08T21:00:07","date_gmt":"2023-07-09T00:00:07","guid":{"rendered":"https:\/\/jaimesantos.com.br\/carrinho\/"},"modified":"2023-08-15T12:09:47","modified_gmt":"2023-08-15T15:09:47","slug":"carrinho","status":"publish","type":"page","link":"https:\/\/jaimesantos.com.br\/en\/carrinho\/","title":{"rendered":"Cart"},"content":{"rendered":"<div data-elementor-type=\"wp-page\" data-elementor-id=\"10511\" class=\"elementor elementor-10511\" data-elementor-post-type=\"page\">\n\t\t\t\t\t\t<section class=\"elementor-section elementor-top-section elementor-element elementor-element-41dabb5 elementor-section-boxed elementor-section-height-default elementor-section-height-default\" data-id=\"41dabb5\" data-element_type=\"section\" data-e-type=\"section\">\n\t\t\t\t\t\t<div class=\"elementor-container elementor-column-gap-default\">\n\t\t\t\t\t<div class=\"elementor-column elementor-col-100 elementor-top-column elementor-element elementor-element-28038f9\" data-id=\"28038f9\" data-element_type=\"column\" data-e-type=\"column\">\n\t\t\t<div class=\"elementor-widget-wrap elementor-element-populated\">\n\t\t\t\t\t\t\t<\/div>\n\t\t<\/div>\n\t\t\t\t\t<\/div>\n\t\t<\/section>\n\t\t\t\t<section class=\"elementor-section elementor-top-section elementor-element elementor-element-dc014dc elementor-section-boxed elementor-section-height-default elementor-section-height-default\" data-id=\"dc014dc\" data-element_type=\"section\" data-e-type=\"section\">\n\t\t\t\t\t\t<div class=\"elementor-container elementor-column-gap-default\">\n\t\t\t\t\t<div class=\"elementor-column elementor-col-100 elementor-top-column elementor-element elementor-element-e4703e2\" data-id=\"e4703e2\" data-element_type=\"column\" data-e-type=\"column\">\n\t\t\t<div class=\"elementor-widget-wrap elementor-element-populated\">\n\t\t\t\t\t\t<div class=\"elementor-element elementor-element-291bd8e elementor-widget-divider--view-line elementor-widget elementor-widget-divider\" data-id=\"291bd8e\" data-element_type=\"widget\" data-e-type=\"widget\" data-widget_type=\"divider.default\">\n\t\t\t\t<div class=\"elementor-widget-container\">\n\t\t\t\t\t\t\t<div class=\"elementor-divider\">\n\t\t\t<span class=\"elementor-divider-separator\">\n\t\t\t\t\t\t<\/span>\n\t\t<\/div>\n\t\t\t\t\t\t<\/div>\n\t\t\t\t<\/div>\n\t\t\t\t<div class=\"elementor-element elementor-element-1e8f9f0 elementor-widget elementor-widget-html\" data-id=\"1e8f9f0\" data-element_type=\"widget\" data-e-type=\"widget\" data-widget_type=\"html.default\">\n\t\t\t\t<div class=\"elementor-widget-container\">\n\t\t\t\t\t<div style=\"position:relative;padding-top:max(60%,324px);width:100%;height:0;\"><iframe style=\"position:absolute;border:none;width:100%;height:100%;left:0;top:0;\" src=\"https:\/\/online.fliphtml5.com\/rteuf\/gfgg\/\"  seamless=\"seamless\" scrolling=\"no\" frameborder=\"0\" allowtransparency=\"true\" allowfullscreen=\"true\" ><\/iframe><\/div>\t\t\t\t<\/div>\n\t\t\t\t<\/div>\n\t\t\t\t\t<\/div>\n\t\t<\/div>\n\t\t\t\t\t<\/div>\n\t\t<\/section>\n\t\t\t\t<\/div>","protected":false},"excerpt":{"rendered":"<p>Remover item Imagem de miniatura Produto Pre\u00e7o Quantidade Subtotal \u00d7 EP C\u00e9u da Aldeia \u2013 2023 (UPC: 198025418136) R$&nbsp;20,00 EP C\u00e9u da Aldeia &#8211; 2023 (UPC: 198025418136) quantidade R$&nbsp;20,00 Atualizar o carrinho Total no carrinho Subtotal R$&nbsp;20,00 Total R$&nbsp;20,00 Avan\u00e7ar&#8230;<\/p>","protected":false},"author":1,"featured_media":0,"parent":0,"menu_order":0,"comment_status":"closed","ping_status":"closed","template":"","meta":{"footnotes":""},"class_list":["post-10511","page","type-page","status-publish","hentry"],"_links":{"self":[{"href":"https:\/\/jaimesantos.com.br\/en\/wp-json\/wp\/v2\/pages\/10511","targetHints":{"allow":["GET"]}}],"collection":[{"href":"https:\/\/jaimesantos.com.br\/en\/wp-json\/wp\/v2\/pages"}],"about":[{"href":"https:\/\/jaimesantos.com.br\/en\/wp-json\/wp\/v2\/types\/page"}],"author":[{"embeddable":true,"href":"https:\/\/jaimesantos.com.br\/en\/wp-json\/wp\/v2\/users\/1"}],"replies":[{"embeddable":true,"href":"https:\/\/jaimesantos.com.br\/en\/wp-json\/wp\/v2\/comments?post=10511"}],"version-history":[{"count":31,"href":"https:\/\/jaimesantos.com.br\/en\/wp-json\/wp\/v2\/pages\/10511\/revisions"}],"predecessor-version":[{"id":11589,"href":"https:\/\/jaimesantos.com.br\/en\/wp-json\/wp\/v2\/pages\/10511\/revisions\/11589"}],"wp:attachment":[{"href":"https:\/\/jaimesantos.com.br\/en\/wp-json\/wp\/v2\/media?parent=10511"}],"curies":[{"name":"wp","href":"https:\/\/api.w.org\/{rel}","templated":true}]}}