{"id":102,"date":"2016-10-31T10:19:14","date_gmt":"2016-10-31T10:19:14","guid":{"rendered":"https:\/\/lifeinsys.com\/item\/beatswavewp\/creative\/?page_id=102"},"modified":"2023-08-15T14:07:11","modified_gmt":"2023-08-15T17:07:11","slug":"contato","status":"publish","type":"page","link":"https:\/\/jaimesantos.com.br\/en\/contato\/","title":{"rendered":"Contact"},"content":{"rendered":"<div class=\"wpb-content-wrapper\"><div data-vc-parallax=\"1.5\" data-vc-parallax-o-fade=\"on\" class=\"vc_row wpb_row vc_row-fluid vc_row-has-fill vc_general vc_parallax vc_parallax-content-moving-fade js-vc_parallax-o-fade\"><div class=\"wpb_column vc_column_container vc_col-sm-12\"><div class=\"vc_column-inner\"><div class=\"wpb_wrapper\">\n\t<div class=\"wpb_text_column wpb_content_element wpb_animate_when_almost_visible wpb_fadeInDown fadeInDown\" >\n\t\t<div class=\"wpb_wrapper\">\n\t\t\t<p>If you have any questions in mind, ask questions by email or visit us.<\/p>\n\n\t\t<\/div>\n\t<\/div>\n\n\t<div class=\"wpb_raw_code wpb_raw_html wpb_content_element\" >\n\t\t<div class=\"wpb_wrapper\">\n\t\t\t<br\/>\n<br\/>\n<br\/>\n<p>MOCA PRODUTORA - Porto Alegre\/RS<br\/>\n<br\/>\n<p>+55 (43) 99910-8687 (WhatsApp Business)<br\/>\n+55 (51) 98519-7501 (WhatsApp)<br\/> \n<\/p>producao@jaimesantos.com.br<br\/>\n<\/p>https:\/\/www.facebook.com\/mocaprodutora\/<br\/>\n<br\/>\n<\/p>Endere\u00e7o: Rua Luiz Afonso, 503<br\/>\n<\/p>Complemento: Sala 203\n<\/p>Bairro: Cidade Baixa<br\/>\n<\/p>Cep: 90.050-310<br\/>\n<\/p>Cidade: Porto Alegre<br\/>\n<\/p>State: Rio Grande do Sul<br\/>\n<br\/>\n<br\/>\n\n<\/p>BACANA PRODUCTIONS - Rio de Janeiro \/ RJ<br\/>\n<br\/>\n<\/p>+55 (21) 97667-3818 (Whatsapp) - Gabriela Azevedo<br\/>\n<\/p>duplajornadaprod@gmail.com<br\/>\n<\/p>https:\/\/www.facebook.com\/bacanaprod\/<br\/>\n<br\/>\n<\/p>Address: Largo do Machado, 54<br\/> \n<\/p>Room: 408 Flex Center Building<br\/>\n<\/p>Neighborhood: Catete<br\/>\n<\/p>Zip Code: 22.221-020<br\/>\n<\/p>City: Rio de Janeiro<br\/>\n<\/p>State: RJ<br\/>\n<br\/><\/p>\n<\/p><\/br>\n\t\t<\/div>\n\t<\/div>\n<div class=\"wpb_gmaps_widget wpb_content_element\"><h2 class=\"wpb_heading wpb_map_heading\">\u00c1rea de Atua\u00e7\u00e3o<\/h2><div class=\"wpb_wrapper\"><div class=\"wpb_map_wraper\"><iframe src=\"https:\/\/www.google.com\/maps\/embed?pb=!1m18!1m12!1m3!1d7316887.995742242!2d-51.68050496129819!3d-26.433181393506906!2m3!1f0!2f0!3f0!3m2!1i1024!2i768!4f13.1!3m3!1m2!1s0x95196f4f668eb847%3A0xc212a9b791044!2sJaime%20Santos%20(Moca%20Produtora)!5e0!3m2!1spt-BR!2sbr!4v1598052195961!5m2!1spt-BR!2sbr\" width=\"1200\" height=\"450\" frameborder=\"0\" style=\"border:0;\" allowfullscreen=\"100%\" aria-hidden=\"false\" tabindex=\"0\"><\/iframe><\/div><\/div><\/div><\/div><\/div><\/div><\/div>\n<\/div>","protected":false},"excerpt":{"rendered":"Caso tenha alguma d\u00favida em mente, fa\u00e7a perguntas por e-mail ou visite-nos. MOCA PRODUTORA - Porto Alegre\/RS +55 (43) 99910-8687 (WhatsApp Business) +55 (51) 98519-7501 (WhatsApp) producao@jaimesantos.com.br https:\/\/www.facebook.com\/mocaprodutora\/ Endere\u00e7o: Rua Luiz Afonso, 503 Complemento: Sala 203 Bairro: Cidade Baixa Cep:...","protected":false},"author":1,"featured_media":4539,"parent":0,"menu_order":0,"comment_status":"open","ping_status":"closed","template":"template-contact.php","meta":{"footnotes":""},"class_list":["post-102","page","type-page","status-publish","has-post-thumbnail","hentry"],"_links":{"self":[{"href":"https:\/\/jaimesantos.com.br\/en\/wp-json\/wp\/v2\/pages\/102","targetHints":{"allow":["GET"]}}],"collection":[{"href":"https:\/\/jaimesantos.com.br\/en\/wp-json\/wp\/v2\/pages"}],"about":[{"href":"https:\/\/jaimesantos.com.br\/en\/wp-json\/wp\/v2\/types\/page"}],"author":[{"embeddable":true,"href":"https:\/\/jaimesantos.com.br\/en\/wp-json\/wp\/v2\/users\/1"}],"replies":[{"embeddable":true,"href":"https:\/\/jaimesantos.com.br\/en\/wp-json\/wp\/v2\/comments?post=102"}],"version-history":[{"count":47,"href":"https:\/\/jaimesantos.com.br\/en\/wp-json\/wp\/v2\/pages\/102\/revisions"}],"predecessor-version":[{"id":11612,"href":"https:\/\/jaimesantos.com.br\/en\/wp-json\/wp\/v2\/pages\/102\/revisions\/11612"}],"wp:featuredmedia":[{"embeddable":true,"href":"https:\/\/jaimesantos.com.br\/en\/wp-json\/wp\/v2\/media\/4539"}],"wp:attachment":[{"href":"https:\/\/jaimesantos.com.br\/en\/wp-json\/wp\/v2\/media?parent=102"}],"curies":[{"name":"wp","href":"https:\/\/api.w.org\/{rel}","templated":true}]}}